{"id":1728,"date":"2024-02-27T12:02:55","date_gmt":"2024-02-27T15:02:55","guid":{"rendered":"https:\/\/emsma-nqn.infd.edu.ar\/sitio\/?page_id=1728"},"modified":"2026-03-02T14:00:26","modified_gmt":"2026-03-02T17:00:26","slug":"nivel-fobam-formacion-basica-en-musica","status":"publish","type":"page","link":"https:\/\/emsma-nqn.infd.edu.ar\/sitio\/nivel-fobam-formacion-basica-en-musica\/","title":{"rendered":"NIVEL FOBAM Formaci\u00f3n B\u00e1sica en M\u00fasica"},"content":{"rendered":"\n<div class=\"alignnormal\"><div id=\"metaslider-id-2434\" style=\"max-width: 500px; margin: 0 auto;\" class=\"ml-slider-3-33-0 metaslider metaslider-flex metaslider-2434 ml-slider ms-theme-default\" role=\"region\" aria-roledescription=\"Slideshow\" aria-label=\"Slideshow\">\n    <div id=\"metaslider_container_2434\">\n        <div id=\"metaslider_2434\" class=\"flexslider\">\n            <ul aria-live=\"polite\" class=\"slides\">\n                <li style=\"display: block; width: 100%;\" class=\"slide-2437 ms-image\" aria-roledescription=\"slide\" aria-label=\"slide-2437\"><img src=\"https:\/\/emsma-nqn.infd.edu.ar\/sitio\/wp-content\/uploads\/2026\/03\/WhatsApp-Image-2026-03-02-at-13.27.36-500x600.jpeg\" height=\"600\" width=\"500\" alt=\"\" class=\"slider-2434 slide-2437\" title=\"WhatsApp Image 2026-03-02 at 13.27.36\" \/><\/li>\n                <li style=\"display: none; width: 100%;\" class=\"slide-2436 ms-image\" aria-roledescription=\"slide\" aria-label=\"slide-2436\"><img src=\"https:\/\/emsma-nqn.infd.edu.ar\/sitio\/wp-content\/uploads\/2026\/03\/WhatsApp-Image-2026-03-02-at-13.27.36-1-500x600.jpeg\" height=\"600\" width=\"500\" alt=\"\" class=\"slider-2434 slide-2436\" title=\"WhatsApp Image 2026-03-02 at 13.27.36 (1)\" \/><\/li>\n                <li style=\"display: none; width: 100%;\" class=\"slide-2435 ms-image\" aria-roledescription=\"slide\" aria-label=\"slide-2435\"><img src=\"https:\/\/emsma-nqn.infd.edu.ar\/sitio\/wp-content\/uploads\/2026\/03\/WhatsApp-Image-2026-03-02-at-13.27.36-2-500x600.jpeg\" height=\"600\" width=\"500\" alt=\"\" class=\"slider-2434 slide-2435\" title=\"WhatsApp Image 2026-03-02 at 13.27.36 (2)\" \/><\/li>\n            <\/ul>\n        <\/div>\n        \n    <\/div>\n<\/div><\/div>\n\n\n\n<figure class=\"wp-block-gallery has-nested-images columns-default is-cropped wp-block-gallery-1 is-layout-flex\"><\/figure>\n\n\n\n<p class=\"has-text-align-center has-accent-color has-text-color has-large-font-size\"><strong>INFORMES:  fobamsma@gmail.com<\/strong><\/p>\n\n\n\n<p><\/p>\n","protected":false},"excerpt":{"rendered":"<p>INFORMES: fobamsma@gmail.com<\/p>\n","protected":false},"author":28,"featured_media":0,"parent":0,"menu_order":0,"comment_status":"closed","ping_status":"closed","template":"","meta":[],"acf":[],"_links":{"self":[{"href":"https:\/\/emsma-nqn.infd.edu.ar\/sitio\/wp-json\/wp\/v2\/pages\/1728"}],"collection":[{"href":"https:\/\/emsma-nqn.infd.edu.ar\/sitio\/wp-json\/wp\/v2\/pages"}],"about":[{"href":"https:\/\/emsma-nqn.infd.edu.ar\/sitio\/wp-json\/wp\/v2\/types\/page"}],"author":[{"embeddable":true,"href":"https:\/\/emsma-nqn.infd.edu.ar\/sitio\/wp-json\/wp\/v2\/users\/28"}],"replies":[{"embeddable":true,"href":"https:\/\/emsma-nqn.infd.edu.ar\/sitio\/wp-json\/wp\/v2\/comments?post=1728"}],"version-history":[{"count":4,"href":"https:\/\/emsma-nqn.infd.edu.ar\/sitio\/wp-json\/wp\/v2\/pages\/1728\/revisions"}],"predecessor-version":[{"id":2455,"href":"https:\/\/emsma-nqn.infd.edu.ar\/sitio\/wp-json\/wp\/v2\/pages\/1728\/revisions\/2455"}],"wp:attachment":[{"href":"https:\/\/emsma-nqn.infd.edu.ar\/sitio\/wp-json\/wp\/v2\/media?parent=1728"}],"curies":[{"name":"wp","href":"https:\/\/api.w.org\/{rel}","templated":true}]}}