{"id":1865,"date":"2024-12-09T15:46:52","date_gmt":"2024-12-09T18:46:52","guid":{"rendered":"https:\/\/emsma-nqn.infd.edu.ar\/sitio\/?page_id=1865"},"modified":"2026-03-02T13:58:50","modified_gmt":"2026-03-02T16:58:50","slug":"terciario","status":"publish","type":"page","link":"https:\/\/emsma-nqn.infd.edu.ar\/sitio\/terciario\/","title":{"rendered":"TERCIARIO"},"content":{"rendered":"\n<h2 class=\"wp-block-heading\"><a href=\"https:\/\/www.facebook.com\/@escuelasuperiordemusicasma\" target=\"_blank\" rel=\"noreferrer noopener\"><img decoding=\"async\" loading=\"lazy\" width=\"92\" height=\"92\" class=\"wp-image-2040\" style=\"width: 40px;\" src=\"https:\/\/emsma-nqn.infd.edu.ar\/sitio\/wp-content\/uploads\/2024\/11\/FB.png\" alt=\"\"><\/a> <a href=\"https:\/\/www.instagram.com\/escuelamusicasma\/\" target=\"_blank\" rel=\"noreferrer noopener\"><img decoding=\"async\" loading=\"lazy\" width=\"1722\" height=\"1700\" class=\"wp-image-2046\" style=\"width: 40px;\" src=\"https:\/\/emsma-nqn.infd.edu.ar\/sitio\/wp-content\/uploads\/2024\/11\/IG-mas-chica.jpg\" alt=\"\" srcset=\"https:\/\/emsma-nqn.infd.edu.ar\/sitio\/wp-content\/uploads\/2024\/11\/IG-mas-chica.jpg 1722w, https:\/\/emsma-nqn.infd.edu.ar\/sitio\/wp-content\/uploads\/2024\/11\/IG-mas-chica-1000x987.jpg 1000w, https:\/\/emsma-nqn.infd.edu.ar\/sitio\/wp-content\/uploads\/2024\/11\/IG-mas-chica-768x758.jpg 768w, https:\/\/emsma-nqn.infd.edu.ar\/sitio\/wp-content\/uploads\/2024\/11\/IG-mas-chica-1536x1516.jpg 1536w\" sizes=\"(max-width: 1722px) 100vw, 1722px\" \/><\/a><\/h2>\n\n\n\n<div class=\"wp-block-cover alignwide is-light has-medium-font-size\" style=\"min-height:190px\"><span aria-hidden=\"true\" class=\"wp-block-cover__background has-background-dim-0 has-background-dim\"><\/span><img decoding=\"async\" loading=\"lazy\" width=\"1312\" height=\"736\" class=\"wp-block-cover__image-background wp-image-1866\" alt=\"\" src=\"https:\/\/emsma-nqn.infd.edu.ar\/sitio\/wp-content\/uploads\/2024\/10\/RJUoMezgQt2pDBR8Fcx8ag.jpg\" style=\"object-position:55% 43%\" data-object-fit=\"cover\" data-object-position=\"55% 43%\" srcset=\"https:\/\/emsma-nqn.infd.edu.ar\/sitio\/wp-content\/uploads\/2024\/10\/RJUoMezgQt2pDBR8Fcx8ag.jpg 1312w, https:\/\/emsma-nqn.infd.edu.ar\/sitio\/wp-content\/uploads\/2024\/10\/RJUoMezgQt2pDBR8Fcx8ag-1000x561.jpg 1000w, https:\/\/emsma-nqn.infd.edu.ar\/sitio\/wp-content\/uploads\/2024\/10\/RJUoMezgQt2pDBR8Fcx8ag-768x431.jpg 768w\" sizes=\"(max-width: 1312px) 100vw, 1312px\" \/><div class=\"wp-block-cover__inner-container\">\n<p class=\"has-text-align-center has-large-font-size\"><\/p>\n<\/div><\/div>\n\n\n\n<div class=\"alignnormal\"><div id=\"metaslider-id-2444\" style=\"max-width: 500px; margin: 0 auto;\" class=\"ml-slider-3-33-0 metaslider metaslider-flex metaslider-2444 ml-slider ms-theme-default\" role=\"region\" aria-roledescription=\"Slideshow\" aria-label=\"Slideshow\">\n    <div id=\"metaslider_container_2444\">\n        <div id=\"metaslider_2444\" class=\"flexslider\">\n            <ul aria-live=\"polite\" class=\"slides\">\n                <li style=\"display: block; width: 100%;\" class=\"slide-2445 ms-image\" aria-roledescription=\"slide\" aria-label=\"slide-2445\"><img src=\"https:\/\/emsma-nqn.infd.edu.ar\/sitio\/wp-content\/uploads\/2026\/02\/WhatsApp-Image-2026-02-23-at-15.44.49-500x600.jpeg\" height=\"600\" width=\"500\" alt=\"\" class=\"slider-2444 slide-2445\" title=\"WhatsApp Image 2026-02-23 at 15.44.49\" \/><\/li>\n                <li style=\"display: none; width: 100%;\" class=\"slide-2446 ms-image\" aria-roledescription=\"slide\" aria-label=\"slide-2446\"><img src=\"https:\/\/emsma-nqn.infd.edu.ar\/sitio\/wp-content\/uploads\/2026\/02\/WhatsApp-Image-2026-02-23-at-15.44.50-500x600.jpeg\" height=\"600\" width=\"500\" alt=\"\" class=\"slider-2444 slide-2446\" title=\"WhatsApp Image 2026-02-23 at 15.44.50\" \/><\/li>\n                <li style=\"display: none; width: 100%;\" class=\"slide-2447 ms-image\" aria-roledescription=\"slide\" aria-label=\"slide-2447\"><img src=\"https:\/\/emsma-nqn.infd.edu.ar\/sitio\/wp-content\/uploads\/2026\/02\/WhatsApp-Image-2026-02-23-at-15.44.50-1-500x600.jpeg\" height=\"600\" width=\"500\" alt=\"\" class=\"slider-2444 slide-2447\" title=\"WhatsApp Image 2026-02-23 at 15.44.50 (1)\" \/><\/li>\n                <li style=\"display: none; width: 100%;\" class=\"slide-2448 ms-image\" aria-roledescription=\"slide\" aria-label=\"slide-2448\"><img src=\"https:\/\/emsma-nqn.infd.edu.ar\/sitio\/wp-content\/uploads\/2026\/02\/WhatsApp-Image-2026-02-23-at-15.44.50-2-500x600.jpeg\" height=\"600\" width=\"500\" alt=\"\" class=\"slider-2444 slide-2448\" title=\"WhatsApp Image 2026-02-23 at 15.44.50 (2)\" \/><\/li>\n            <\/ul>\n        <\/div>\n        \n    <\/div>\n<\/div><\/div>\n\n\n\n<hr class=\"wp-block-separator alignwide has-text-color has-alpha-channel-opacity has-background\" style=\"background-color:#eaca78;color:#eaca78\"\/>\n\n\n\n<pre class=\"wp-block-preformatted has-text-color has-background\" style=\"color:#bfbd1f;background-color:#52d8a7;font-size:39px\"><strong><a href=\"https:\/\/drive.google.com\/drive\/folders\/1PooacBiS7jzZ0nRq4kxaI0urll9Rq3RY?usp=sharing\" target=\"_blank\" rel=\"noreferrer noopener\">                                PROGRAMAS 2025<\/a><\/strong><\/pre>\n\n\n\n<div class=\"wp-block-columns alignwide is-layout-flex wp-container-3\">\n<div class=\"wp-block-column is-vertically-aligned-top is-layout-flow\" style=\"flex-basis:80%\">\n<pre class=\"wp-block-verse has-text-color has-background has-medium-font-size\" style=\"color:#52d8a7;background-color:#eaca78;font-style:normal;font-weight:600\"><a href=\"https:\/\/emsma-nqn.infd.edu.ar\/sitio\/plan-662-profesorado-de-musica\/\">Profesorado de M\u00fasica<\/a><\/pre>\n\n\n\n<pre class=\"wp-block-verse has-base-3-color has-text-color has-background has-medium-font-size\" style=\"background-color:#eaca78;font-style:normal;font-weight:600\"><a href=\"https:\/\/emsma-nqn.infd.edu.ar\/sitio\/plan-663-profesorado-de-musica-con-orientacion-en-direccion-coral\/\">Profesorado de M\u00fasica con Orientaci\u00f3n en \nDirecci\u00f3n Coral<\/a><\/pre>\n\n\n\n<pre class=\"wp-block-preformatted has-base-3-color has-text-color has-background has-medium-font-size\" style=\"background-color:#eaca78\"><strong><a href=\"https:\/\/emsma-nqn.infd.edu.ar\/sitio\/plan-664-profesorado-de-musica-con-orientacion-en-canto\/\">Profesorado de M\u00fasica con Orientaci\u00f3n en Canto<\/a><\/strong><\/pre>\n\n\n\n<pre class=\"wp-block-preformatted has-accent-color has-text-color has-background has-medium-font-size\" style=\"background-color:#52d8a7\"><strong><a href=\"https:\/\/emsma-nqn.infd.edu.ar\/sitio\/plan-389-tecnicatura-cantante\/\"><\/a><a href=\"https:\/\/emsma-nqn.infd.edu.ar\/sitio\/plan-389-tecnicatura-cantante\/\" target=\"_blank\" rel=\"noreferrer noopener\"><strong>Especialidad <\/strong>Cantante<\/a><\/strong><\/pre>\n\n\n\n<pre class=\"wp-block-preformatted has-accent-color has-text-color has-background has-medium-font-size\" style=\"background-color:#52d8a7\"><strong><a href=\"https:\/\/emsma-nqn.infd.edu.ar\/sitio\/plan-391-tecnicatura-en-direccion-coral\/\"><\/a><a href=\"https:\/\/emsma-nqn.infd.edu.ar\/sitio\/plan-391-tecnicatura-en-direccion-coral\/\" target=\"_blank\" rel=\"noreferrer noopener\"><strong>Especialidad <\/strong>Direcci\u00f3n Coral<\/a><\/strong><\/pre>\n\n\n\n<pre class=\"wp-block-preformatted has-accent-color has-text-color has-background has-medium-font-size\" style=\"background-color:#52d8a7\"><strong><a href=\"https:\/\/emsma-nqn.infd.edu.ar\/sitio\/plan-393-tecnicatura-en-instrumento\/\" data-type=\"URL\" data-id=\"https:\/\/emsma-nqn.infd.edu.ar\/sitio\/plan-393-tecnicatura-en-instrumento\/\">Especialidad Instrumento<\/a><\/strong>\nclarinete \/flauta dulce \/ flauta traversa \/ guitarra \/ piano \/ viol\u00edn \/ saxo \/ violoncello<\/pre>\n<\/div>\n\n\n\n<div class=\"wp-block-column is-vertically-aligned-top is-layout-flow\" style=\"flex-basis:80%\">\n<pre class=\"wp-block-preformatted has-base-3-color has-text-color has-background has-medium-font-size\" style=\"background-color:#eaca78\"><a href=\"https:\/\/emsma-nqn.infd.edu.ar\/sitio\/plan-665-profesorado-de-musica-con-orientacion-en-direccion-orquestal\/\"><strong>Profesorado  de M\u00fasica con Orientaci\u00f3n<\/strong> <strong>en<\/strong> \n<strong>Direcci\u00f3n Orquestal<\/strong><\/a><\/pre>\n\n\n\n<pre class=\"wp-block-preformatted has-base-3-color has-text-color has-background has-medium-font-size\" style=\"background-color:#eaca78\"><strong><a href=\"https:\/\/emsma-nqn.infd.edu.ar\/sitio\/plan-666-profesorado-de-musica-con-orientacion-en-composicion\/\">Profesorado de M\u00fasica con Orientaci\u00f3n en Composici\u00f3n<\/a><\/strong><\/pre>\n\n\n\n<pre class=\"wp-block-preformatted has-base-3-color has-text-color has-background has-medium-font-size\" style=\"background-color:#eaca78\"><strong><a href=\"https:\/\/emsma-nqn.infd.edu.ar\/sitio\/plan-662-profesorado-de-musica-con-orientacion-en-instrumento\/\">Profesorado de M\u00fasica con Orientaci\u00f3n con Orientaci\u00f3n en Instrumento<\/a><\/strong>\n\nclarinete \/flauta dulce \/ flauta traversa \/ guitarra \/ piano \/ viol\u00edn \/ saxo \/ violoncello<\/pre>\n\n\n\n<pre class=\"wp-block-preformatted has-accent-color has-text-color has-background has-medium-font-size\" style=\"background-color:#52d8a7\"><strong><a href=\"https:\/\/emsma-nqn.infd.edu.ar\/sitio\/plan-390-tecnicatura-en-composicion\/\" target=\"_blank\" rel=\"noreferrer noopener\">Especialidad Composici\u00f3n<\/a><\/strong><\/pre>\n\n\n\n<pre class=\"wp-block-preformatted has-accent-color has-text-color has-background has-medium-font-size\" style=\"background-color:#52d8a7\"><strong><a href=\"https:\/\/emsma-nqn.infd.edu.ar\/sitio\/plan-392-tecnicatura-en-direccion-orquestal\/\"><\/a><a href=\"https:\/\/emsma-nqn.infd.edu.ar\/sitio\/plan-392-tecnicatura-en-direccion-orquestal\/\" target=\"_blank\" rel=\"noreferrer noopener\"><strong>Especialidad <\/strong> Direcci\u00f3n Orquestal<\/a><\/strong><\/pre>\n<\/div>\n<\/div>\n\n\n\n<pre class=\"wp-block-preformatted has-text-color has-background has-large-font-size\" style=\"color:#eaca78;background-color:#eaca78\"><strong><a href=\"https:\/\/docs.google.com\/document\/d\/1v-xGUuygQ_6Jt5xF47kABAblNCWQuvy_hqy2Oj9VlvE\/edit?tab=t.0\" target=\"_blank\" rel=\"noreferrer noopener\">                          PLAN DE CORRELATIVIDADES <\/a><\/strong><\/pre>\n\n\n\n<div class=\"wp-block-columns is-layout-flex wp-container-5\">\n<div class=\"wp-block-column is-vertically-aligned-center is-layout-flow\" style=\"flex-basis:100%\">\n<pre class=\"wp-block-preformatted has-base-2-color has-base-background-color has-text-color has-background has-large-font-size\"><a href=\"https:\/\/drive.google.com\/drive\/folders\/1S7-4c_wmqss2OlfewyLLnLhPuI7nTc6m\" target=\"_blank\" rel=\"noreferrer noopener\">                            <strong>HORARIOS DE CURSADA<\/strong><\/a><\/pre>\n<\/div>\n<\/div>\n\n\n\n<hr class=\"wp-block-separator alignwide has-text-color has-alpha-channel-opacity has-background\" style=\"background-color:#58b09b;color:#58b09b\"\/>\n\n\n\n<h2 class=\"wp-block-heading has-text-align-center\"><a href=\"https:\/\/emsma-nqn.infd.edu.ar\/sitio\/ingreso-al-profesorado-de-musica\/\" target=\"_blank\" rel=\"noreferrer noopener\"><img decoding=\"async\" loading=\"lazy\" width=\"1080\" height=\"1080\" class=\"wp-image-2063\" style=\"width: 300px;\" src=\"https:\/\/emsma-nqn.infd.edu.ar\/sitio\/wp-content\/uploads\/2024\/11\/2-1.png\" alt=\"\" srcset=\"https:\/\/emsma-nqn.infd.edu.ar\/sitio\/wp-content\/uploads\/2024\/11\/2-1.png 1080w, https:\/\/emsma-nqn.infd.edu.ar\/sitio\/wp-content\/uploads\/2024\/11\/2-1-1000x1000.png 1000w, https:\/\/emsma-nqn.infd.edu.ar\/sitio\/wp-content\/uploads\/2024\/11\/2-1-500x500.png 500w, https:\/\/emsma-nqn.infd.edu.ar\/sitio\/wp-content\/uploads\/2024\/11\/2-1-768x768.png 768w\" sizes=\"(max-width: 1080px) 100vw, 1080px\" \/><\/a>     <a href=\"https:\/\/emsma-nqn.infd.edu.ar\/sitio\/ingreso-2021-pi-requisitos\/\" target=\"_blank\" rel=\"noreferrer noopener\"><img decoding=\"async\" loading=\"lazy\" width=\"1080\" height=\"1080\" class=\"wp-image-2326\" style=\"width: 300px;\" src=\"https:\/\/emsma-nqn.infd.edu.ar\/sitio\/wp-content\/uploads\/2025\/10\/1.png\" alt=\"\" srcset=\"https:\/\/emsma-nqn.infd.edu.ar\/sitio\/wp-content\/uploads\/2025\/10\/1.png 1080w, https:\/\/emsma-nqn.infd.edu.ar\/sitio\/wp-content\/uploads\/2025\/10\/1-1000x1000.png 1000w, https:\/\/emsma-nqn.infd.edu.ar\/sitio\/wp-content\/uploads\/2025\/10\/1-500x500.png 500w, https:\/\/emsma-nqn.infd.edu.ar\/sitio\/wp-content\/uploads\/2025\/10\/1-768x768.png 768w\" sizes=\"(max-width: 1080px) 100vw, 1080px\" \/><\/a><\/h2>\n\n\n\n<hr class=\"wp-block-separator alignfull has-text-color has-alpha-channel-opacity has-background\" style=\"background-color:#53a58a;color:#53a58a\"\/>\n\n\n\n<div class=\"wp-block-cover alignfull\" style=\"font-size:50px;min-height:314px\"><span aria-hidden=\"true\" class=\"wp-block-cover__background has-background-dim-30 has-background-dim\"><\/span><img decoding=\"async\" loading=\"lazy\" width=\"1600\" height=\"720\" class=\"wp-block-cover__image-background wp-image-1844\" alt=\"\" src=\"https:\/\/emsma-nqn.infd.edu.ar\/sitio\/wp-content\/uploads\/2024\/10\/WhatsApp-Image-2024-10-21-at-19.56.03.jpeg\" data-object-fit=\"cover\" srcset=\"https:\/\/emsma-nqn.infd.edu.ar\/sitio\/wp-content\/uploads\/2024\/10\/WhatsApp-Image-2024-10-21-at-19.56.03.jpeg 1600w, https:\/\/emsma-nqn.infd.edu.ar\/sitio\/wp-content\/uploads\/2024\/10\/WhatsApp-Image-2024-10-21-at-19.56.03-1000x450.jpeg 1000w, https:\/\/emsma-nqn.infd.edu.ar\/sitio\/wp-content\/uploads\/2024\/10\/WhatsApp-Image-2024-10-21-at-19.56.03-768x346.jpeg 768w, https:\/\/emsma-nqn.infd.edu.ar\/sitio\/wp-content\/uploads\/2024\/10\/WhatsApp-Image-2024-10-21-at-19.56.03-1536x691.jpeg 1536w\" sizes=\"(max-width: 1600px) 100vw, 1600px\" \/><div class=\"wp-block-cover__inner-container\">\n<p class=\"has-text-align-center has-small-font-size\"><img decoding=\"async\" loading=\"lazy\" width=\"1996\" height=\"531\" class=\"wp-image-2018\" style=\"width: 800px;\" src=\"https:\/\/emsma-nqn.infd.edu.ar\/sitio\/wp-content\/uploads\/2024\/11\/2.png\" alt=\"\" srcset=\"https:\/\/emsma-nqn.infd.edu.ar\/sitio\/wp-content\/uploads\/2024\/11\/2.png 1996w, https:\/\/emsma-nqn.infd.edu.ar\/sitio\/wp-content\/uploads\/2024\/11\/2-1000x266.png 1000w, https:\/\/emsma-nqn.infd.edu.ar\/sitio\/wp-content\/uploads\/2024\/11\/2-1900x505.png 1900w, https:\/\/emsma-nqn.infd.edu.ar\/sitio\/wp-content\/uploads\/2024\/11\/2-768x204.png 768w, https:\/\/emsma-nqn.infd.edu.ar\/sitio\/wp-content\/uploads\/2024\/11\/2-1536x409.png 1536w\" sizes=\"(max-width: 1996px) 100vw, 1996px\" \/><\/p>\n<\/div><\/div>\n","protected":false},"excerpt":{"rendered":"<p>PROGRAMAS 2025 Profesorado de M\u00fasica Profesorado de M\u00fasica con Orientaci\u00f3n en Direcci\u00f3n Coral Profesorado de M\u00fasica con Orientaci\u00f3n en Canto Especialidad Cantante Especialidad Direcci\u00f3n Coral Especialidad Instrumento clarinete \/flauta dulce \/ flauta traversa \/ guitarra \/ piano \/ viol\u00edn \/ saxo \/ violoncello Profesorado de M\u00fasica con Orientaci\u00f3n en Direcci\u00f3n Orquestal Profesorado de M\u00fasica con &#8230; <a title=\"TERCIARIO\" class=\"read-more\" href=\"https:\/\/emsma-nqn.infd.edu.ar\/sitio\/terciario\/\" aria-label=\"More on TERCIARIO\">[+]<\/a><\/p>\n","protected":false},"author":761,"featured_media":0,"parent":0,"menu_order":0,"comment_status":"closed","ping_status":"closed","template":"","meta":[],"acf":[],"_links":{"self":[{"href":"https:\/\/emsma-nqn.infd.edu.ar\/sitio\/wp-json\/wp\/v2\/pages\/1865"}],"collection":[{"href":"https:\/\/emsma-nqn.infd.edu.ar\/sitio\/wp-json\/wp\/v2\/pages"}],"about":[{"href":"https:\/\/emsma-nqn.infd.edu.ar\/sitio\/wp-json\/wp\/v2\/types\/page"}],"author":[{"embeddable":true,"href":"https:\/\/emsma-nqn.infd.edu.ar\/sitio\/wp-json\/wp\/v2\/users\/761"}],"replies":[{"embeddable":true,"href":"https:\/\/emsma-nqn.infd.edu.ar\/sitio\/wp-json\/wp\/v2\/comments?post=1865"}],"version-history":[{"count":83,"href":"https:\/\/emsma-nqn.infd.edu.ar\/sitio\/wp-json\/wp\/v2\/pages\/1865\/revisions"}],"predecessor-version":[{"id":2453,"href":"https:\/\/emsma-nqn.infd.edu.ar\/sitio\/wp-json\/wp\/v2\/pages\/1865\/revisions\/2453"}],"wp:attachment":[{"href":"https:\/\/emsma-nqn.infd.edu.ar\/sitio\/wp-json\/wp\/v2\/media?parent=1865"}],"curies":[{"name":"wp","href":"https:\/\/api.w.org\/{rel}","templated":true}]}}