{"id":286,"date":"2016-10-31T13:17:59","date_gmt":"2016-10-31T16:17:59","guid":{"rendered":"https:\/\/emsma-nqn.infd.edu.ar\/sitio\/?page_id=286"},"modified":"2026-03-11T22:39:24","modified_gmt":"2026-03-12T01:39:24","slug":"inicio","status":"publish","type":"page","link":"https:\/\/emsma-nqn.infd.edu.ar\/sitio\/","title":{"rendered":"Inicio"},"content":{"rendered":"\n<h2 class=\"wp-block-heading alignwide has-text-align-right\"><a href=\"https:\/\/www.facebook.com\/@escuelasuperiordemusicasma\"><img decoding=\"async\" loading=\"lazy\" width=\"92\" height=\"92\" class=\"wp-image-2040\" style=\"width: 40px;\" src=\"https:\/\/emsma-nqn.infd.edu.ar\/sitio\/wp-content\/uploads\/2024\/11\/FB.png\" alt=\"\"><\/a><a href=\"https:\/\/www.instagram.com\/escuelamusicasma\/\"><img decoding=\"async\" loading=\"lazy\" width=\"1722\" height=\"1700\" class=\"wp-image-2046\" style=\"width: 40px;\" src=\"https:\/\/emsma-nqn.infd.edu.ar\/sitio\/wp-content\/uploads\/2024\/11\/IG-mas-chica.jpg\" alt=\"\" srcset=\"https:\/\/emsma-nqn.infd.edu.ar\/sitio\/wp-content\/uploads\/2024\/11\/IG-mas-chica.jpg 1722w, https:\/\/emsma-nqn.infd.edu.ar\/sitio\/wp-content\/uploads\/2024\/11\/IG-mas-chica-1000x987.jpg 1000w, https:\/\/emsma-nqn.infd.edu.ar\/sitio\/wp-content\/uploads\/2024\/11\/IG-mas-chica-768x758.jpg 768w, https:\/\/emsma-nqn.infd.edu.ar\/sitio\/wp-content\/uploads\/2024\/11\/IG-mas-chica-1536x1516.jpg 1536w\" sizes=\"(max-width: 1722px) 100vw, 1722px\" \/><\/a><\/h2>\n\n\n\n<hr class=\"wp-block-separator alignfull has-text-color has-alpha-channel-opacity has-background\" style=\"background-color:#076c71;color:#076c71\"\/>\n\n\n\n<h2 class=\"wp-block-heading alignfull has-text-align-center has-background has-x-large-font-size\" style=\"background-color:#fcfbea\"><a rel=\"noreferrer noopener\" href=\"https:\/\/emsma-nqn.infd.edu.ar\/sitio\/infancias\/\" target=\"_blank\"><img decoding=\"async\" loading=\"lazy\" width=\"500\" height=\"500\" class=\"wp-image-2373\" style=\"width: 150px;\" src=\"https:\/\/emsma-nqn.infd.edu.ar\/sitio\/wp-content\/uploads\/2025\/10\/3-3.png\" alt=\"\"><\/a> <a rel=\"noreferrer noopener\" href=\"https:\/\/emsma-nqn.infd.edu.ar\/sitio\/fobam\/\" target=\"_blank\"><img decoding=\"async\" loading=\"lazy\" width=\"500\" height=\"500\" class=\"wp-image-2371\" style=\"width: 150px;\" src=\"https:\/\/emsma-nqn.infd.edu.ar\/sitio\/wp-content\/uploads\/2025\/10\/1-4.png\" alt=\"\"><\/a> <a rel=\"noreferrer noopener\" href=\"https:\/\/emsma-nqn.infd.edu.ar\/sitio\/terciario\/\" target=\"_blank\"><img decoding=\"async\" loading=\"lazy\" width=\"500\" height=\"500\" class=\"wp-image-2372\" style=\"width: 150px;\" src=\"https:\/\/emsma-nqn.infd.edu.ar\/sitio\/wp-content\/uploads\/2025\/10\/2-3.png\" alt=\"\"><\/a> <a href=\"https:\/\/emsma-nqn.infd.edu.ar\/aula\/acceso.cgi\" target=\"_blank\" rel=\"noreferrer noopener\"><img decoding=\"async\" loading=\"lazy\" width=\"500\" height=\"500\" class=\"wp-image-2386\" style=\"width: 150px;\" src=\"https:\/\/emsma-nqn.infd.edu.ar\/sitio\/wp-content\/uploads\/2025\/11\/5.png\" alt=\"\"><\/a> <a rel=\"noreferrer noopener\" href=\"https:\/\/www.instagram.com\/escuelamusicasma\/\" target=\"_blank\"><img decoding=\"async\" loading=\"lazy\" width=\"500\" height=\"500\" class=\"wp-image-2374\" style=\"width: 150px;\" src=\"https:\/\/emsma-nqn.infd.edu.ar\/sitio\/wp-content\/uploads\/2025\/10\/4-3.png\" alt=\"\"><\/a> <a rel=\"noreferrer noopener\" href=\"https:\/\/emsma-nqn.infd.edu.ar\/sitio\/biblioteca-virtual\/?preview=true\" target=\"_blank\"><img decoding=\"async\" loading=\"lazy\" width=\"500\" height=\"500\" class=\"wp-image-2376\" style=\"width: 150px;\" src=\"https:\/\/emsma-nqn.infd.edu.ar\/sitio\/wp-content\/uploads\/2025\/10\/6-4.png\" alt=\"\"><\/a><\/h2>\n\n\n<div class=\"wp-block-image is-style-rounded\">\n<figure class=\"aligncenter size-thumbnail is-resized\"><a href=\"https:\/\/docs.google.com\/document\/d\/11g-kPWKaN-6ohosD3iQGLu_BDRvLdua4\/edit?usp=sharing&amp;ouid=109099315057018864953&amp;rtpof=true&amp;sd=true\" target=\"_blank\" rel=\"noreferrer noopener\"><img decoding=\"async\" loading=\"lazy\" src=\"https:\/\/emsma-nqn.infd.edu.ar\/sitio\/wp-content\/uploads\/2026\/02\/calendario-500x500.png\" alt=\"\" class=\"wp-image-2397\" width=\"322\" height=\"322\" srcset=\"https:\/\/emsma-nqn.infd.edu.ar\/sitio\/wp-content\/uploads\/2026\/02\/calendario-500x500.png 500w, https:\/\/emsma-nqn.infd.edu.ar\/sitio\/wp-content\/uploads\/2026\/02\/calendario-1000x1000.png 1000w, https:\/\/emsma-nqn.infd.edu.ar\/sitio\/wp-content\/uploads\/2026\/02\/calendario-768x768.png 768w, https:\/\/emsma-nqn.infd.edu.ar\/sitio\/wp-content\/uploads\/2026\/02\/calendario.png 1024w\" sizes=\"(max-width: 322px) 100vw, 322px\" \/><\/a><\/figure><\/div>\n\n<div class=\"wp-block-image is-style-default\">\n<figure class=\"aligncenter size-full is-resized\"><a href=\"https:\/\/emsma-nqn.infd.edu.ar\/sitio\/tutorias-2\/\" target=\"_blank\" rel=\"noreferrer noopener\"><img decoding=\"async\" loading=\"lazy\" src=\"https:\/\/emsma-nqn.infd.edu.ar\/sitio\/wp-content\/uploads\/2026\/03\/Diseno-sin-titulo-13.png\" alt=\"\" class=\"wp-image-2460\" width=\"294\" height=\"294\" srcset=\"https:\/\/emsma-nqn.infd.edu.ar\/sitio\/wp-content\/uploads\/2026\/03\/Diseno-sin-titulo-13.png 800w, https:\/\/emsma-nqn.infd.edu.ar\/sitio\/wp-content\/uploads\/2026\/03\/Diseno-sin-titulo-13-500x500.png 500w, https:\/\/emsma-nqn.infd.edu.ar\/sitio\/wp-content\/uploads\/2026\/03\/Diseno-sin-titulo-13-768x768.png 768w\" sizes=\"(max-width: 294px) 100vw, 294px\" \/><\/a><\/figure><\/div>\n\n\n<hr class=\"wp-block-separator has-text-color has-accent-color has-alpha-channel-opacity has-accent-background-color has-background is-style-wide\"\/>\n\n\n\n<div class=\"wp-block-columns is-layout-flex wp-container-4\">\n<div class=\"wp-block-column is-layout-flow\" style=\"flex-basis:100%\">\n<figure class=\"wp-block-gallery aligncenter has-nested-images columns-default is-cropped wp-block-gallery-1 is-layout-flex\">\n<figure class=\"wp-block-image size-full\"><img decoding=\"async\" loading=\"lazy\" width=\"1028\" height=\"1280\" src=\"https:\/\/emsma-nqn.infd.edu.ar\/sitio\/wp-content\/uploads\/2026\/02\/WhatsApp-Image-2026-02-18-at-11.00.02.jpeg\" alt=\"\" class=\"wp-image-2404\" srcset=\"https:\/\/emsma-nqn.infd.edu.ar\/sitio\/wp-content\/uploads\/2026\/02\/WhatsApp-Image-2026-02-18-at-11.00.02.jpeg 1028w, https:\/\/emsma-nqn.infd.edu.ar\/sitio\/wp-content\/uploads\/2026\/02\/WhatsApp-Image-2026-02-18-at-11.00.02-803x1000.jpeg 803w, https:\/\/emsma-nqn.infd.edu.ar\/sitio\/wp-content\/uploads\/2026\/02\/WhatsApp-Image-2026-02-18-at-11.00.02-768x956.jpeg 768w\" sizes=\"(max-width: 1028px) 100vw, 1028px\" \/><\/figure>\n\n\n\n<figure class=\"wp-block-image size-full\"><img decoding=\"async\" loading=\"lazy\" width=\"1080\" height=\"1222\" src=\"https:\/\/emsma-nqn.infd.edu.ar\/sitio\/wp-content\/uploads\/2026\/02\/WhatsApp-Image-2026-02-16-at-13.59.18.jpeg\" alt=\"\" class=\"wp-image-2400\" srcset=\"https:\/\/emsma-nqn.infd.edu.ar\/sitio\/wp-content\/uploads\/2026\/02\/WhatsApp-Image-2026-02-16-at-13.59.18.jpeg 1080w, https:\/\/emsma-nqn.infd.edu.ar\/sitio\/wp-content\/uploads\/2026\/02\/WhatsApp-Image-2026-02-16-at-13.59.18-884x1000.jpeg 884w, https:\/\/emsma-nqn.infd.edu.ar\/sitio\/wp-content\/uploads\/2026\/02\/WhatsApp-Image-2026-02-16-at-13.59.18-768x869.jpeg 768w\" sizes=\"(max-width: 1080px) 100vw, 1080px\" \/><\/figure>\n<\/figure>\n<\/div>\n<\/div>\n\n\n<div class=\"wp-block-image\">\n<figure class=\"aligncenter size-full is-resized\"><img decoding=\"async\" loading=\"lazy\" src=\"https:\/\/emsma-nqn.infd.edu.ar\/sitio\/wp-content\/uploads\/2026\/03\/WhatsApp-Image-2026-03-11-at-13.40.50-1-1.jpeg\" alt=\"\" class=\"wp-image-2475\" width=\"283\" height=\"504\" srcset=\"https:\/\/emsma-nqn.infd.edu.ar\/sitio\/wp-content\/uploads\/2026\/03\/WhatsApp-Image-2026-03-11-at-13.40.50-1-1.jpeg 899w, https:\/\/emsma-nqn.infd.edu.ar\/sitio\/wp-content\/uploads\/2026\/03\/WhatsApp-Image-2026-03-11-at-13.40.50-1-1-562x1000.jpeg 562w, https:\/\/emsma-nqn.infd.edu.ar\/sitio\/wp-content\/uploads\/2026\/03\/WhatsApp-Image-2026-03-11-at-13.40.50-1-1-768x1366.jpeg 768w, https:\/\/emsma-nqn.infd.edu.ar\/sitio\/wp-content\/uploads\/2026\/03\/WhatsApp-Image-2026-03-11-at-13.40.50-1-1-864x1536.jpeg 864w\" sizes=\"(max-width: 283px) 100vw, 283px\" \/><\/figure><\/div>\n\n\n<hr class=\"wp-block-separator has-text-color has-accent-color has-alpha-channel-opacity has-accent-background-color has-background is-style-default\"\/>\n\n\n\n<div class=\"alignnormal\"><div id=\"metaslider-id-2444\" style=\"max-width: 500px; margin: 0 auto;\" class=\"ml-slider-3-33-0 metaslider metaslider-flex metaslider-2444 ml-slider ms-theme-default\" role=\"region\" aria-roledescription=\"Slideshow\" aria-label=\"Slideshow\">\n    <div id=\"metaslider_container_2444\">\n        <div id=\"metaslider_2444\" class=\"flexslider\">\n            <ul aria-live=\"polite\" class=\"slides\">\n                <li style=\"display: block; width: 100%;\" class=\"slide-2445 ms-image\" aria-roledescription=\"slide\" aria-label=\"slide-2445\"><img src=\"https:\/\/emsma-nqn.infd.edu.ar\/sitio\/wp-content\/uploads\/2026\/02\/WhatsApp-Image-2026-02-23-at-15.44.49-500x600.jpeg\" height=\"600\" width=\"500\" alt=\"\" class=\"slider-2444 slide-2445\" title=\"WhatsApp Image 2026-02-23 at 15.44.49\" \/><\/li>\n                <li style=\"display: none; width: 100%;\" class=\"slide-2446 ms-image\" aria-roledescription=\"slide\" aria-label=\"slide-2446\"><img src=\"https:\/\/emsma-nqn.infd.edu.ar\/sitio\/wp-content\/uploads\/2026\/02\/WhatsApp-Image-2026-02-23-at-15.44.50-500x600.jpeg\" height=\"600\" width=\"500\" alt=\"\" class=\"slider-2444 slide-2446\" title=\"WhatsApp Image 2026-02-23 at 15.44.50\" \/><\/li>\n                <li style=\"display: none; width: 100%;\" class=\"slide-2447 ms-image\" aria-roledescription=\"slide\" aria-label=\"slide-2447\"><img src=\"https:\/\/emsma-nqn.infd.edu.ar\/sitio\/wp-content\/uploads\/2026\/02\/WhatsApp-Image-2026-02-23-at-15.44.50-1-500x600.jpeg\" height=\"600\" width=\"500\" alt=\"\" class=\"slider-2444 slide-2447\" title=\"WhatsApp Image 2026-02-23 at 15.44.50 (1)\" \/><\/li>\n                <li style=\"display: none; width: 100%;\" class=\"slide-2448 ms-image\" aria-roledescription=\"slide\" aria-label=\"slide-2448\"><img src=\"https:\/\/emsma-nqn.infd.edu.ar\/sitio\/wp-content\/uploads\/2026\/02\/WhatsApp-Image-2026-02-23-at-15.44.50-2-500x600.jpeg\" height=\"600\" width=\"500\" alt=\"\" class=\"slider-2444 slide-2448\" title=\"WhatsApp Image 2026-02-23 at 15.44.50 (2)\" \/><\/li>\n            <\/ul>\n        <\/div>\n        \n    <\/div>\n<\/div><\/div>\n\n\n\n<div class=\"wp-block-group is-layout-constrained\"><div class=\"wp-block-group__inner-container\">\n<div class=\"alignnormal\"><div id=\"metaslider-id-2434\" style=\"max-width: 500px; margin: 0 auto;\" class=\"ml-slider-3-33-0 metaslider metaslider-flex metaslider-2434 ml-slider ms-theme-default\" role=\"region\" aria-roledescription=\"Slideshow\" aria-label=\"Slideshow\">\n    <div id=\"metaslider_container_2434\">\n        <div id=\"metaslider_2434\" class=\"flexslider\">\n            <ul aria-live=\"polite\" class=\"slides\">\n                <li style=\"display: block; width: 100%;\" class=\"slide-2437 ms-image\" aria-roledescription=\"slide\" aria-label=\"slide-2437\"><img src=\"https:\/\/emsma-nqn.infd.edu.ar\/sitio\/wp-content\/uploads\/2026\/03\/WhatsApp-Image-2026-03-02-at-13.27.36-500x600.jpeg\" height=\"600\" width=\"500\" alt=\"\" class=\"slider-2434 slide-2437\" title=\"WhatsApp Image 2026-03-02 at 13.27.36\" \/><\/li>\n                <li style=\"display: none; width: 100%;\" class=\"slide-2436 ms-image\" aria-roledescription=\"slide\" aria-label=\"slide-2436\"><img src=\"https:\/\/emsma-nqn.infd.edu.ar\/sitio\/wp-content\/uploads\/2026\/03\/WhatsApp-Image-2026-03-02-at-13.27.36-1-500x600.jpeg\" height=\"600\" width=\"500\" alt=\"\" class=\"slider-2434 slide-2436\" title=\"WhatsApp Image 2026-03-02 at 13.27.36 (1)\" \/><\/li>\n                <li style=\"display: none; width: 100%;\" class=\"slide-2435 ms-image\" aria-roledescription=\"slide\" aria-label=\"slide-2435\"><img src=\"https:\/\/emsma-nqn.infd.edu.ar\/sitio\/wp-content\/uploads\/2026\/03\/WhatsApp-Image-2026-03-02-at-13.27.36-2-500x600.jpeg\" height=\"600\" width=\"500\" alt=\"\" class=\"slider-2434 slide-2435\" title=\"WhatsApp Image 2026-03-02 at 13.27.36 (2)\" \/><\/li>\n            <\/ul>\n        <\/div>\n        \n    <\/div>\n<\/div><\/div>\n<\/div><\/div>\n\n\n\n<div class=\"alignnormal\"><div id=\"metaslider-id-2438\" style=\"max-width: 500px; margin: 0 auto;\" class=\"ml-slider-3-33-0 metaslider metaslider-flex metaslider-2438 ml-slider ms-theme-default\" role=\"region\" aria-roledescription=\"Slideshow\" aria-label=\"Slideshow\">\n    <div id=\"metaslider_container_2438\">\n        <div id=\"metaslider_2438\" class=\"flexslider\">\n            <ul aria-live=\"polite\" class=\"slides\">\n                <li style=\"display: block; width: 100%;\" class=\"slide-2439 ms-image\" aria-roledescription=\"slide\" aria-label=\"slide-2439\"><img src=\"https:\/\/emsma-nqn.infd.edu.ar\/sitio\/wp-content\/uploads\/2026\/03\/WhatsApp-Image-2026-03-02-at-13.27.35-500x600.jpeg\" height=\"600\" width=\"500\" alt=\"\" class=\"slider-2438 slide-2439\" title=\"WhatsApp Image 2026-03-02 at 13.27.35\" \/><\/li>\n                <li style=\"display: none; width: 100%;\" class=\"slide-2440 ms-image\" aria-roledescription=\"slide\" aria-label=\"slide-2440\"><img src=\"https:\/\/emsma-nqn.infd.edu.ar\/sitio\/wp-content\/uploads\/2026\/03\/WhatsApp-Image-2026-03-02-at-13.27.35-1-500x600.jpeg\" height=\"600\" width=\"500\" alt=\"\" class=\"slider-2438 slide-2440\" title=\"WhatsApp Image 2026-03-02 at 13.27.35 (1)\" \/><\/li>\n                <li style=\"display: none; width: 100%;\" class=\"slide-2441 ms-image\" aria-roledescription=\"slide\" aria-label=\"slide-2441\"><img src=\"https:\/\/emsma-nqn.infd.edu.ar\/sitio\/wp-content\/uploads\/2026\/03\/WhatsApp-Image-2026-03-02-at-13.27.35-2-500x600.jpeg\" height=\"600\" width=\"500\" alt=\"\" class=\"slider-2438 slide-2441\" title=\"WhatsApp Image 2026-03-02 at 13.27.35 (2)\" \/><\/li>\n            <\/ul>\n        <\/div>\n        \n    <\/div>\n<\/div><\/div>\n\n\n\n<hr class=\"wp-block-separator alignfull has-text-color has-alpha-channel-opacity has-background\" style=\"background-color:#076c71;color:#076c71\"\/>\n\n\n\n<figure class=\"wp-block-gallery has-nested-images columns-default is-cropped wp-block-gallery-6 is-layout-flex\">\n<figure class=\"wp-block-image size-full\"><img decoding=\"async\" loading=\"lazy\" width=\"1600\" height=\"1131\" data-id=\"1951\"  src=\"https:\/\/emsma-nqn.infd.edu.ar\/sitio\/wp-content\/uploads\/2024\/10\/WhatsApp-Image-2024-10-31-at-16.05.53-3.jpeg\" alt=\"\" class=\"wp-image-1951\" srcset=\"https:\/\/emsma-nqn.infd.edu.ar\/sitio\/wp-content\/uploads\/2024\/10\/WhatsApp-Image-2024-10-31-at-16.05.53-3.jpeg 1600w, https:\/\/emsma-nqn.infd.edu.ar\/sitio\/wp-content\/uploads\/2024\/10\/WhatsApp-Image-2024-10-31-at-16.05.53-3-1000x707.jpeg 1000w, https:\/\/emsma-nqn.infd.edu.ar\/sitio\/wp-content\/uploads\/2024\/10\/WhatsApp-Image-2024-10-31-at-16.05.53-3-768x543.jpeg 768w, https:\/\/emsma-nqn.infd.edu.ar\/sitio\/wp-content\/uploads\/2024\/10\/WhatsApp-Image-2024-10-31-at-16.05.53-3-1536x1086.jpeg 1536w\" sizes=\"(max-width: 1600px) 100vw, 1600px\" \/><\/figure>\n\n\n\n<figure class=\"wp-block-image size-full\"><img decoding=\"async\" loading=\"lazy\" width=\"1600\" height=\"1131\" data-id=\"1947\"  src=\"https:\/\/emsma-nqn.infd.edu.ar\/sitio\/wp-content\/uploads\/2024\/10\/WhatsApp-Image-2024-10-31-at-16.05.53-1.jpeg\" alt=\"\" class=\"wp-image-1947\" srcset=\"https:\/\/emsma-nqn.infd.edu.ar\/sitio\/wp-content\/uploads\/2024\/10\/WhatsApp-Image-2024-10-31-at-16.05.53-1.jpeg 1600w, https:\/\/emsma-nqn.infd.edu.ar\/sitio\/wp-content\/uploads\/2024\/10\/WhatsApp-Image-2024-10-31-at-16.05.53-1-1000x707.jpeg 1000w, https:\/\/emsma-nqn.infd.edu.ar\/sitio\/wp-content\/uploads\/2024\/10\/WhatsApp-Image-2024-10-31-at-16.05.53-1-768x543.jpeg 768w, https:\/\/emsma-nqn.infd.edu.ar\/sitio\/wp-content\/uploads\/2024\/10\/WhatsApp-Image-2024-10-31-at-16.05.53-1-1536x1086.jpeg 1536w\" sizes=\"(max-width: 1600px) 100vw, 1600px\" \/><\/figure>\n<\/figure>\n\n\n\n<p><\/p>\n\n\n\n<hr class=\"wp-block-separator has-text-color has-alpha-channel-opacity has-background\" style=\"background-color:#64a8e3;color:#64a8e3\"\/>\n\n\n\n<div class=\"wp-block-columns is-layout-flex wp-container-9\">\n<div class=\"wp-block-column is-layout-flow\" style=\"flex-basis:100%\">\n<h2 class=\"wp-block-heading has-very-light-gray-to-cyan-bluish-gray-gradient-background has-background has-large-font-size\"><strong><sup>Nuestra Biblioteca<\/sup><\/strong><\/h2>\n<\/div>\n<\/div>\n\n\n\n<p> <p>La\u00a0<strong>Biblioteca Nuestra Escuela<\/strong>\u00a0es un repositorio digital desde donde se podr\u00e1 acceder -de manera \u00e1gil y gratuita- a diversos y variados recursos que fueron producidos en las distintas propuestas formativas del Programa Nacional de Formaci\u00f3n Permanente \u201cNuestra Escuela\u201d. Tambi\u00e9n se suman los aportes de las colecciones \u201cJ\u00f3venes que miran mundos\u201d y \u201cCajita de m\u00fasica argentina\u201d.<\/p><\/p>\n\n\n\n<p><p>M\u00f3dulos, clases, videoconferencias, materiales complementarios y bibliograf\u00edas son algunos de los contenidos que se podr\u00e1n encontrar en este portal y que quedar\u00e1n a disposici\u00f3n de docentes, estudiantes de formaci\u00f3n docente y equipos directivos de todo el pa\u00eds.<\/p><p>Para el INFoD, facilitar el acceso a estos contenidos refuerza uno de los compromisos fundamentales del programa \u201cNuestra Escuela\u201d: garantizar la gratuidad y la calidad de las herramientas y los materiales que fortalecen la formaci\u00f3n docente en todos los niveles y modalidades, y en todos los campos de conocimiento.<\/p><p>El material que nutre esta plataforma queda a disposici\u00f3n para que pueda ser consultado de manera online y\/o descargado en formato pdf.<\/p> <\/p>\n\n\n\n<figure class=\"wp-block-gallery has-nested-images columns-default is-cropped wp-block-gallery-10 is-layout-flex\">\n<figure class=\"wp-block-image size-large\"><img decoding=\"async\" loading=\"lazy\" width=\"1425\" height=\"1900\" data-id=\"1807\"  src=\"https:\/\/emsma-nqn.infd.edu.ar\/sitio\/wp-content\/uploads\/2024\/10\/WhatsApp-Image-2024-10-08-at-14.10.20-1425x1900.jpeg\" alt=\"\" class=\"wp-image-1807\" srcset=\"https:\/\/emsma-nqn.infd.edu.ar\/sitio\/wp-content\/uploads\/2024\/10\/WhatsApp-Image-2024-10-08-at-14.10.20-1425x1900.jpeg 1425w, https:\/\/emsma-nqn.infd.edu.ar\/sitio\/wp-content\/uploads\/2024\/10\/WhatsApp-Image-2024-10-08-at-14.10.20-750x1000.jpeg 750w, https:\/\/emsma-nqn.infd.edu.ar\/sitio\/wp-content\/uploads\/2024\/10\/WhatsApp-Image-2024-10-08-at-14.10.20-768x1024.jpeg 768w, https:\/\/emsma-nqn.infd.edu.ar\/sitio\/wp-content\/uploads\/2024\/10\/WhatsApp-Image-2024-10-08-at-14.10.20-1152x1536.jpeg 1152w, https:\/\/emsma-nqn.infd.edu.ar\/sitio\/wp-content\/uploads\/2024\/10\/WhatsApp-Image-2024-10-08-at-14.10.20-1536x2048.jpeg 1536w, https:\/\/emsma-nqn.infd.edu.ar\/sitio\/wp-content\/uploads\/2024\/10\/WhatsApp-Image-2024-10-08-at-14.10.20-scaled.jpeg 1920w\" sizes=\"(max-width: 1425px) 100vw, 1425px\" \/><\/figure>\n\n\n\n<figure class=\"wp-block-image size-large\"><img decoding=\"async\" loading=\"lazy\" width=\"1280\" height=\"597\" data-id=\"1886\"  src=\"https:\/\/emsma-nqn.infd.edu.ar\/sitio\/wp-content\/uploads\/2024\/10\/WhatsApp-Image-2024-10-22-at-13.53.20.jpeg\" alt=\"\" class=\"wp-image-1886\" srcset=\"https:\/\/emsma-nqn.infd.edu.ar\/sitio\/wp-content\/uploads\/2024\/10\/WhatsApp-Image-2024-10-22-at-13.53.20.jpeg 1280w, https:\/\/emsma-nqn.infd.edu.ar\/sitio\/wp-content\/uploads\/2024\/10\/WhatsApp-Image-2024-10-22-at-13.53.20-1000x466.jpeg 1000w, https:\/\/emsma-nqn.infd.edu.ar\/sitio\/wp-content\/uploads\/2024\/10\/WhatsApp-Image-2024-10-22-at-13.53.20-768x358.jpeg 768w\" sizes=\"(max-width: 1280px) 100vw, 1280px\" \/><\/figure>\n\n\n\n<figure class=\"wp-block-image size-large\"><img decoding=\"async\" loading=\"lazy\" width=\"1425\" height=\"1900\" data-id=\"1809\"  src=\"https:\/\/emsma-nqn.infd.edu.ar\/sitio\/wp-content\/uploads\/2024\/10\/WhatsApp-Image-2024-10-08-at-14.09.55-1-1425x1900.jpeg\" alt=\"\" class=\"wp-image-1809\" srcset=\"https:\/\/emsma-nqn.infd.edu.ar\/sitio\/wp-content\/uploads\/2024\/10\/WhatsApp-Image-2024-10-08-at-14.09.55-1-1425x1900.jpeg 1425w, https:\/\/emsma-nqn.infd.edu.ar\/sitio\/wp-content\/uploads\/2024\/10\/WhatsApp-Image-2024-10-08-at-14.09.55-1-750x1000.jpeg 750w, https:\/\/emsma-nqn.infd.edu.ar\/sitio\/wp-content\/uploads\/2024\/10\/WhatsApp-Image-2024-10-08-at-14.09.55-1-768x1024.jpeg 768w, https:\/\/emsma-nqn.infd.edu.ar\/sitio\/wp-content\/uploads\/2024\/10\/WhatsApp-Image-2024-10-08-at-14.09.55-1-1152x1536.jpeg 1152w, https:\/\/emsma-nqn.infd.edu.ar\/sitio\/wp-content\/uploads\/2024\/10\/WhatsApp-Image-2024-10-08-at-14.09.55-1-1536x2048.jpeg 1536w, https:\/\/emsma-nqn.infd.edu.ar\/sitio\/wp-content\/uploads\/2024\/10\/WhatsApp-Image-2024-10-08-at-14.09.55-1-scaled.jpeg 1920w\" sizes=\"(max-width: 1425px) 100vw, 1425px\" \/><\/figure>\n\n\n\n<figure class=\"wp-block-image size-large\"><img decoding=\"async\" loading=\"lazy\" width=\"1600\" height=\"720\" data-id=\"1844\"  src=\"https:\/\/emsma-nqn.infd.edu.ar\/sitio\/wp-content\/uploads\/2024\/10\/WhatsApp-Image-2024-10-21-at-19.56.03.jpeg\" alt=\"\" class=\"wp-image-1844\" srcset=\"https:\/\/emsma-nqn.infd.edu.ar\/sitio\/wp-content\/uploads\/2024\/10\/WhatsApp-Image-2024-10-21-at-19.56.03.jpeg 1600w, https:\/\/emsma-nqn.infd.edu.ar\/sitio\/wp-content\/uploads\/2024\/10\/WhatsApp-Image-2024-10-21-at-19.56.03-1000x450.jpeg 1000w, https:\/\/emsma-nqn.infd.edu.ar\/sitio\/wp-content\/uploads\/2024\/10\/WhatsApp-Image-2024-10-21-at-19.56.03-768x346.jpeg 768w, https:\/\/emsma-nqn.infd.edu.ar\/sitio\/wp-content\/uploads\/2024\/10\/WhatsApp-Image-2024-10-21-at-19.56.03-1536x691.jpeg 1536w\" sizes=\"(max-width: 1600px) 100vw, 1600px\" \/><\/figure>\n<\/figure>\n\n\n\n<hr class=\"wp-block-separator has-text-color has-alpha-channel-opacity has-background\" style=\"background-color:#3998ec;color:#3998ec\"\/>\n\n\n\n<div class=\"wp-block-cover alignfull\"><span aria-hidden=\"true\" class=\"wp-block-cover__background has-background-dim-60 has-background-dim\" style=\"background-color:#332e87\"><\/span><img decoding=\"async\" loading=\"lazy\" width=\"1312\" height=\"736\" class=\"wp-block-cover__image-background wp-image-1846\" alt=\"\" src=\"https:\/\/emsma-nqn.infd.edu.ar\/sitio\/wp-content\/uploads\/2024\/10\/0dUVTADESdmYqbOJxNPFbg.jpg\" style=\"object-position:49% 100%\" data-object-fit=\"cover\" data-object-position=\"49% 100%\" srcset=\"https:\/\/emsma-nqn.infd.edu.ar\/sitio\/wp-content\/uploads\/2024\/10\/0dUVTADESdmYqbOJxNPFbg.jpg 1312w, https:\/\/emsma-nqn.infd.edu.ar\/sitio\/wp-content\/uploads\/2024\/10\/0dUVTADESdmYqbOJxNPFbg-1000x561.jpg 1000w, https:\/\/emsma-nqn.infd.edu.ar\/sitio\/wp-content\/uploads\/2024\/10\/0dUVTADESdmYqbOJxNPFbg-768x431.jpg 768w\" sizes=\"(max-width: 1312px) 100vw, 1312px\" \/><div class=\"wp-block-cover__inner-container\">\n<p class=\"has-text-align-center has-large-font-size\"><img decoding=\"async\" loading=\"lazy\" width=\"1200\" height=\"675\" class=\"wp-image-1782\" style=\"width: 450px;\" src=\"https:\/\/emsma-nqn.infd.edu.ar\/sitio\/wp-content\/uploads\/2024\/09\/escuela-musica-sma-960x640jpg.webp\" alt=\"\" srcset=\"https:\/\/emsma-nqn.infd.edu.ar\/sitio\/wp-content\/uploads\/2024\/09\/escuela-musica-sma-960x640jpg.webp 1200w, https:\/\/emsma-nqn.infd.edu.ar\/sitio\/wp-content\/uploads\/2024\/09\/escuela-musica-sma-960x640jpg-1000x563.webp 1000w, https:\/\/emsma-nqn.infd.edu.ar\/sitio\/wp-content\/uploads\/2024\/09\/escuela-musica-sma-960x640jpg-768x432.webp 768w\" sizes=\"(max-width: 1200px) 100vw, 1200px\" \/><img decoding=\"async\" loading=\"lazy\" width=\"615\" height=\"316\" class=\"wp-image-1784\" style=\"width: 490px;\" src=\"https:\/\/emsma-nqn.infd.edu.ar\/sitio\/wp-content\/uploads\/2024\/09\/info-1.png\" alt=\"\"><\/p>\n<\/div><\/div>\n\n\n\n<p><\/p>\n","protected":false},"excerpt":{"rendered":"<p>Nuestra Biblioteca La\u00a0Biblioteca Nuestra Escuela\u00a0es un repositorio digital desde donde se podr\u00e1 acceder -de manera \u00e1gil y gratuita- a diversos y variados recursos que fueron producidos en las distintas propuestas formativas del Programa Nacional de Formaci\u00f3n Permanente \u201cNuestra Escuela\u201d. Tambi\u00e9n se suman los aportes de las colecciones \u201cJ\u00f3venes que miran mundos\u201d y \u201cCajita de m\u00fasica &#8230; <a title=\"Inicio\" class=\"read-more\" href=\"https:\/\/emsma-nqn.infd.edu.ar\/sitio\/\" aria-label=\"More on Inicio\">[+]<\/a><\/p>\n","protected":false},"author":761,"featured_media":0,"parent":0,"menu_order":0,"comment_status":"closed","ping_status":"closed","template":"","meta":[],"acf":[],"_links":{"self":[{"href":"https:\/\/emsma-nqn.infd.edu.ar\/sitio\/wp-json\/wp\/v2\/pages\/286"}],"collection":[{"href":"https:\/\/emsma-nqn.infd.edu.ar\/sitio\/wp-json\/wp\/v2\/pages"}],"about":[{"href":"https:\/\/emsma-nqn.infd.edu.ar\/sitio\/wp-json\/wp\/v2\/types\/page"}],"author":[{"embeddable":true,"href":"https:\/\/emsma-nqn.infd.edu.ar\/sitio\/wp-json\/wp\/v2\/users\/761"}],"replies":[{"embeddable":true,"href":"https:\/\/emsma-nqn.infd.edu.ar\/sitio\/wp-json\/wp\/v2\/comments?post=286"}],"version-history":[{"count":292,"href":"https:\/\/emsma-nqn.infd.edu.ar\/sitio\/wp-json\/wp\/v2\/pages\/286\/revisions"}],"predecessor-version":[{"id":2480,"href":"https:\/\/emsma-nqn.infd.edu.ar\/sitio\/wp-json\/wp\/v2\/pages\/286\/revisions\/2480"}],"wp:attachment":[{"href":"https:\/\/emsma-nqn.infd.edu.ar\/sitio\/wp-json\/wp\/v2\/media?parent=286"}],"curies":[{"name":"wp","href":"https:\/\/api.w.org\/{rel}","templated":true}]}}