{"id":794,"date":"2018-08-29T14:14:58","date_gmt":"2018-08-29T17:14:58","guid":{"rendered":"https:\/\/emsma-nqn.infd.edu.ar\/sitio\/plan-662-profesorado-de-musica\/"},"modified":"2025-02-25T10:57:10","modified_gmt":"2025-02-25T13:57:10","slug":"plan-662-profesorado-de-musica","status":"publish","type":"page","link":"https:\/\/emsma-nqn.infd.edu.ar\/sitio\/plan-662-profesorado-de-musica\/","title":{"rendered":"Plan 662 Profesorado de M\u00fasica"},"content":{"rendered":"<p style=\"display: flex; align-items: center;\"><a style=\"margin-bottom: 12px;\" href=\"https:\/\/emsma-nqn.infd.edu.ar\/sitio\/ingreso-al-profesorado-de-musica\/\">Requisitos para el ingreso\u00a0<\/a><a href=\"https:\/\/emsma-nqn.infd.edu.ar\/sitio\/ingreso-al-profesorado-de-musica\/\"><img decoding=\"async\" loading=\"lazy\" class=\"alignnone wp-image-1015\" src=\"https:\/\/emsma-nqn.infd.edu.ar\/sitio\/wp-content\/uploads\/2021\/03\/icono-de-la-mano-del-tecleo-vector-plano-de-la-muestra-del-finger-del-cursor-82898788-2-1000x644.jpg\" alt=\"\" width=\"36\" height=\"23\" srcset=\"https:\/\/emsma-nqn.infd.edu.ar\/sitio\/wp-content\/uploads\/2021\/03\/icono-de-la-mano-del-tecleo-vector-plano-de-la-muestra-del-finger-del-cursor-82898788-2-1000x644.jpg 1000w, https:\/\/emsma-nqn.infd.edu.ar\/sitio\/wp-content\/uploads\/2021\/03\/icono-de-la-mano-del-tecleo-vector-plano-de-la-muestra-del-finger-del-cursor-82898788-2-768x495.jpg 768w, https:\/\/emsma-nqn.infd.edu.ar\/sitio\/wp-content\/uploads\/2021\/03\/icono-de-la-mano-del-tecleo-vector-plano-de-la-muestra-del-finger-del-cursor-82898788-2.jpg 1037w\" sizes=\"(max-width: 36px) 100vw, 36px\" \/><\/a><\/p>\n<p style=\"display: flex; align-items: center;\"><a style=\"margin-bottom: 12px;\" href=\"https:\/\/emsma-nqn.infd.edu.ar\/sitio\/wp-content\/uploads\/2021\/03\/Plan-de-correlatividades-Carrera-del-Profesorado-de-Educacio%CC%81n-Musical.pdf\">Plan de correlatividades\u00a0<\/a><a class=\"alignnone\" href=\"https:\/\/emsma-nqn.infd.edu.ar\/sitio\/wp-content\/uploads\/2021\/03\/Plan-de-correlatividades-Carrera-del-Profesorado-de-Educacio%CC%81n-Musical.pdf\"><img decoding=\"async\" loading=\"lazy\" class=\"alignnone wp-image-1015\" src=\"https:\/\/emsma-nqn.infd.edu.ar\/sitio\/wp-content\/uploads\/2021\/03\/icono-de-la-mano-del-tecleo-vector-plano-de-la-muestra-del-finger-del-cursor-82898788-2-1000x644.jpg\" alt=\"\" width=\"36\" height=\"23\" srcset=\"https:\/\/emsma-nqn.infd.edu.ar\/sitio\/wp-content\/uploads\/2021\/03\/icono-de-la-mano-del-tecleo-vector-plano-de-la-muestra-del-finger-del-cursor-82898788-2-1000x644.jpg 1000w, https:\/\/emsma-nqn.infd.edu.ar\/sitio\/wp-content\/uploads\/2021\/03\/icono-de-la-mano-del-tecleo-vector-plano-de-la-muestra-del-finger-del-cursor-82898788-2-768x495.jpg 768w, https:\/\/emsma-nqn.infd.edu.ar\/sitio\/wp-content\/uploads\/2021\/03\/icono-de-la-mano-del-tecleo-vector-plano-de-la-muestra-del-finger-del-cursor-82898788-2.jpg 1037w\" sizes=\"(max-width: 36px) 100vw, 36px\" \/><\/a><\/p>\n<p style=\"text-align: center;\"><strong>PREGRADO Asignaturas<\/strong><\/p>\n<p>Audioperceptiva \/ Educaci\u00f3n Vocal \/ Flauta Dulce \/ Instrumento Arm\u00f3nico Piano o Guitarra \/ Espacio de Definici\u00f3n Institucional (EDI)<\/p>\n<p class=\"p1\" style=\"text-align: center;\"><span class=\"s1\"><strong>PRIMER A\u00d1O<\/strong><span class=\"Apple-converted-space\"><strong>\u00a0<\/strong> \u00a0 \u00a0 \u00a0 \u00a0 \u00a0 \u00a0 \u00a0<\/span><\/span><\/p>\n<p class=\"p1\"><strong><span class=\"s1\">1\u00ba Cuatrimestre <\/span><\/strong><\/p>\n<p class=\"p1\"><span class=\"s1\">Psicolog\u00eda General\u00a0 \/ 4hs<\/span><\/p>\n<p class=\"p1\"><span class=\"s1\">Pedagog\u00eda General \/\u00a0 4hs<\/span><\/p>\n<p class=\"p1\"><strong><span class=\"s1\">Anual<\/span><\/strong><\/p>\n<p class=\"p1\"><span class=\"s1\">Audioperceptiva I \/\u00a0 6hs<\/span><\/p>\n<p class=\"p1\"><span class=\"s1\">Instrumento Arm\u00f3nico I (Piano o Guitarra)<span class=\"Apple-converted-space\">\u00a0 \/\u00a0\u00a0<\/span>1hs<\/span><\/p>\n<p class=\"p1\"><span class=\"s1\">Instrumento Arm\u00f3nico Popular I (Piano o Guitarra) \/ 1hs<\/span><\/p>\n<p class=\"p1\"><span class=\"s1\">Canto I \/ 1h<\/span><\/p>\n<p class=\"p1\"><span class=\"s1\">Flauta Dulce\/Aer\u00f3fonos Andinos y Ensamble <span class=\"Apple-converted-space\">\u00a0\/\u00a0<\/span>3hs<\/span><\/p>\n<p class=\"p1\"><span class=\"s1\">Instrumento Popular de Percusi\u00f3n y Ensamble<span class=\"Apple-converted-space\">\u00a0\/\u00a0<\/span>3hs<\/span><\/p>\n<p class=\"p1\"><span class=\"s1\">Expresi\u00f3n Corporal \/ 2hs<\/span><\/p>\n<p class=\"p1\"><span class=\"s1\">Inform\u00e1tica y Nuevos Medios I \/ 3hs<\/span><\/p>\n<p class=\"p1\"><span class=\"s1\">Did\u00e1ctica General \/ 3hs<\/span><\/p>\n<p class=\"p1\"><span class=\"s1\">Taller de Lectura, Escritura y Oralidad<span class=\"Apple-converted-space\">\u00a0\/\u00a0<\/span>3hs<\/span><\/p>\n<p class=\"p1\"><span class=\"s1\">Taller de Pr\u00e1ctica Instit. y Construcci\u00f3n de la Id. Profesional \/ 2hs<\/span><\/p>\n<p class=\"p1\"><strong><span class=\"s1\">2\u00ba Cuatrimestre <\/span><\/strong><\/p>\n<p class=\"p1\"><span class=\"s1\">Sujeto del Aprendizaje I \/ 3hs<\/span><\/p>\n<p class=\"p1\"><span class=\"s1\">Historia Argentina Contempor\u00e1nea \/ 4hs<\/span><\/p>\n<p class=\"p2\"><span class=\"s1\"><span class=\"Apple-converted-space\">\u00a0 \u00a0<\/span><\/span><\/p>\n<p class=\"p1\" style=\"text-align: center;\"><strong><span class=\"s1\">SEGUNDO A\u00d1O <\/span><\/strong><\/p>\n<p class=\"p1\"><strong><span class=\"s1\">1\u00ba Cuatrimestre <\/span><\/strong><\/p>\n<p class=\"p1\"><span class=\"s1\">Sujeto del Aprendizaje II \/ 3hs <\/span><\/p>\n<p class=\"p1\"><span class=\"s1\">Did\u00e1ctica de la M\u00fasica para Nivel Inicial \/\u00a0 4hs<\/span><\/p>\n<p class=\"p1\"><strong><span class=\"s1\">Anual <\/span><\/strong><\/p>\n<p class=\"p1\"><span class=\"s1\">Audioperceptiva II \/ 6hs<\/span><\/p>\n<p class=\"p1\"><span class=\"s1\">Elementos de An\u00e1lisis Musical I \/ 4hs<\/span><\/p>\n<p class=\"p1\"><span class=\"s1\">Instrumento Arm\u00f3nico II (Piano o Guitarra) \/ 1hs<\/span><\/p>\n<p class=\"p1\"><span class=\"s1\">Instrumento Arm\u00f3nico Popular II (Piano o Guitarra) \/\u00a0 1hs<\/span><\/p>\n<p class=\"p1\"><span class=\"s1\">Canto II \/\u00a0 1hs<\/span><\/p>\n<p class=\"p1\"><span class=\"s1\">Coro \/ 4hs<\/span><\/p>\n<p class=\"p1\"><span class=\"s1\">Historia de la M\u00fasica I \/ 3hs<\/span><\/p>\n<p class=\"p1\"><span class=\"s1\">Inform\u00e1tica y Nuevos Medios II \/ 2hs<\/span><\/p>\n<p class=\"p1\"><span class=\"s1\">Expresi\u00f3n Teatral \/ 2hs<\/span><\/p>\n<p class=\"p1\"><span class=\"s1\">Taller de Pr\u00e1ctica Docente y Construcci\u00f3n de la Identidad Profesional I \/ 3hs<\/span><\/p>\n<p class=\"p1\"><strong><span class=\"s1\">2\u00ba cuatrimestre <\/span><\/strong><\/p>\n<p class=\"p1\"><span class=\"s1\">Historia Social de la Educaci\u00f3n \/ 3hs<\/span><\/p>\n<p class=\"p1\"><span class=\"s1\">Did\u00e1ctica de la M\u00fasica para Nivel Primario \/ 4hs<\/span><\/p>\n<p class=\"p2\"><span class=\"s1\"><span class=\"Apple-converted-space\">\u00a0 \u00a0<\/span><\/span><\/p>\n<p class=\"p1\" style=\"text-align: center;\"><strong><span class=\"s1\">TERCER A\u00d1O <\/span><\/strong><\/p>\n<p class=\"p1\"><strong><span class=\"s1\">1\u00ba Cuatrimestre <\/span><\/strong><\/p>\n<p class=\"p1\"><span class=\"s1\">Instituciones Educativas \/ 3hs<\/span><\/p>\n<p class=\"p1\"><span class=\"s1\">Did\u00e1ctica de la M\u00fasica para Nivel Medio\/\u00a0 3hs<\/span><\/p>\n<p class=\"p1\"><span class=\"s1\">Praxis y Elementos T\u00e9cnicos en la M\u00fasica Popular I (Latinoamericana) \/ 3hs<\/span><\/p>\n<p class=\"p1\"><strong><span class=\"s1\">Anual <\/span><\/strong><\/p>\n<p class=\"p1\"><span class=\"s1\">Elementos de An\u00e1lisis Musical II \/ 4hs<\/span><\/p>\n<p class=\"p1\"><span class=\"s1\">Instrumento Arm\u00f3nico III (Piano o Guitarra) \/ 1hs<\/span><\/p>\n<p class=\"p1\"><span class=\"s1\">Danzas Folkl\u00f3ricas \/ 3hs<\/span><\/p>\n<p class=\"p1\"><span class=\"s1\">Instrumento Popular Complementario I (Piano o Guitarra)\/ Flauta Dulce \/ Aer\u00f3fonos Andinos \/ Percusi\u00f3n \/\u00a0<\/span>1hs<\/p>\n<p class=\"p1\"><span class=\"s1\">Canto III \/ 1hs<\/span><\/p>\n<p class=\"p1\"><span class=\"s1\">Instrumento de Rock\/ Jazz (Guit. el\u00e9ctrica, Bajo el\u00e9ctrico, Bater\u00eda,Saxo o Trompeta)\/\u00a0 1 hs<\/span><\/p>\n<p class=\"p1\"><span class=\"s1\">Direcci\u00f3n Coral \/ 2hs<\/span><\/p>\n<p class=\"p1\"><span class=\"s1\">Historia de la M\u00fasica II \/ 3hs<\/span><\/p>\n<p class=\"p1\"><span class=\"s1\">Taller de Pr\u00e1ctica Docente y Construcci\u00f3n de la Identidad Profesional II \/ 4hs<\/span><\/p>\n<p class=\"p1\"><strong><span class=\"s1\">2\u00ba Cuatrimestre <\/span><\/strong><\/p>\n<p class=\"p1\"><span class=\"s1\">Sociolog\u00eda de la Educaci\u00f3n \/ 3hs<\/span><\/p>\n<p class=\"p1\"><span class=\"s1\">Ensamble con Orientaci\u00f3n Popular I (Latinoamericana) \/ 3hs<\/span><\/p>\n<p class=\"p1\"><span class=\"s1\">Filosof\u00eda de la Educaci\u00f3n \/ 4hs<\/span><\/p>\n<p class=\"p2\"><span class=\"s1\"><span class=\"Apple-converted-space\">\u00a0 \u00a0<\/span><\/span><\/p>\n<p class=\"p1\" style=\"text-align: center;\"><strong><span class=\"s1\">CUARTO A\u00d1O <\/span><\/strong><\/p>\n<p class=\"p1\"><strong><span class=\"s1\">1\u00ba Cuatrimestre <\/span><\/strong><\/p>\n<p class=\"p1\"><span class=\"s1\">Historia Social del Arte \/ 3hs<\/span><\/p>\n<p class=\"p1\"><span class=\"s1\">Residencia en Nivel Inicial \/ 4hs<\/span><\/p>\n<p class=\"p1\"><span class=\"s1\">Taller de la pr\u00e1ct.Vocal Instrum. y de Rec.Musicales p\/Nivel Inicial y Primario \/ 2hs<\/span><\/p>\n<p class=\"p1\"><span class=\"s1\">Residencia en Nivel Primario \/\u00a0 4hs<\/span><\/p>\n<p class=\"p1\"><span class=\"s1\">Praxis y Elem.T\u00e9cnicos en la M\u00fasica Pop.II (Tango\/Rock) \/ 3hs<\/span><\/p>\n<p class=\"p1\"><strong><span class=\"s1\">Anual <\/span><\/strong><\/p>\n<p class=\"p1\"><span class=\"s1\">Canto IV \/ 1h<\/span><\/p>\n<p class=\"p1\"><span class=\"s1\">T\u00e9cnicas de Improvisaci\u00f3n \/ 2hs<\/span><\/p>\n<p class=\"p1\"><span class=\"s1\">Elementos de An\u00e1lisis Musical III \/ 3hs<\/span><\/p>\n<p class=\"p1\"><span class=\"s1\">Instrumento Popular Complementario II (Piano o Guitarra)\/ Flauta Dulce \/ Aer\u00f3fonos Andinos \/ Percusi\u00f3n \/\u00a0<\/span>1h<\/p>\n<p class=\"p1\"><span class=\"s1\">Metodol.de la Investig.con fines Educativos y Art\u00edsticos \/ 2hs<\/span><\/p>\n<p class=\"p1\"><strong><span class=\"s1\">2\u00ba cuatrimestre <\/span><\/strong><\/p>\n<p class=\"p1\"><span class=\"s1\">Est\u00e9ticas Contempor\u00e1neas \/ 3hs<\/span><\/p>\n<p class=\"p1\"><span class=\"s1\">Residencia en Nivel Medio \/ 4hs<\/span><\/p>\n<p class=\"p1\"><span class=\"s1\">Seminario optativo:<\/span><\/p>\n<p class=\"p1\"><span class=\"s1\"><span class=\"Apple-converted-space\">\u00a0\u00a0 \u00a0 \u00a0 \u00a0 \u00a0 <\/span>*Educ.Especial y la Diversidad<\/span><\/p>\n<p class=\"p1\"><span class=\"s1\"><span class=\"Apple-converted-space\">\u00a0\u00a0 \u00a0 \u00a0 \u00a0 \u00a0 <\/span>*Educ.Musical en Escuelas de Arte<\/span><\/p>\n<p class=\"p1\"><span class=\"s1\"><span class=\"Apple-converted-space\">\u00a0\u00a0 \u00a0 \u00a0 \u00a0 \u00a0 <\/span>*Educ. Musical en Maternal<\/span><\/p>\n<p class=\"p1\"><span class=\"s1\">\/ 3hs<\/span><\/p>\n<p class=\"p1\"><span class=\"s1\">Ensamble con Orientaci\u00f3n Popular II (Tango\/Rock) \/ 3hs<\/span><\/p>\n<p class=\"p1\"><span class=\"s1\">Taller de la Pr\u00e1ct.Vocal Instrumental y de Recursos Musicales p\/Nivel Medio \/ 2hs<\/span><\/p>\n<p class=\"p1\"><span class=\"s1\">Seminario Taller: Pr\u00e1ctica de la Direcc.Coral o Conducci\u00f3n de Conj.Instrumentales (en \u00e1mbitos no formales) \/\u00a0<\/span><span class=\"s1\">4hs<\/span><\/p>\n","protected":false},"excerpt":{"rendered":"<p>Requisitos para el ingreso\u00a0 Plan de correlatividades\u00a0 PREGRADO Asignaturas Audioperceptiva \/ Educaci\u00f3n Vocal \/ Flauta Dulce \/ Instrumento Arm\u00f3nico Piano o Guitarra \/ Espacio de Definici\u00f3n Institucional (EDI) PRIMER A\u00d1O\u00a0 \u00a0 \u00a0 \u00a0 \u00a0 \u00a0 \u00a0 \u00a0 1\u00ba Cuatrimestre Psicolog\u00eda General\u00a0 \/ 4hs Pedagog\u00eda General \/\u00a0 4hs Anual Audioperceptiva I \/\u00a0 6hs Instrumento Arm\u00f3nico I &#8230; <a title=\"Plan 662 Profesorado de M\u00fasica\" class=\"read-more\" href=\"https:\/\/emsma-nqn.infd.edu.ar\/sitio\/plan-662-profesorado-de-musica\/\" aria-label=\"More on Plan 662 Profesorado de M\u00fasica\">[+]<\/a><\/p>\n","protected":false},"author":28,"featured_media":0,"parent":0,"menu_order":0,"comment_status":"closed","ping_status":"closed","template":"","meta":[],"acf":[],"_links":{"self":[{"href":"https:\/\/emsma-nqn.infd.edu.ar\/sitio\/wp-json\/wp\/v2\/pages\/794"}],"collection":[{"href":"https:\/\/emsma-nqn.infd.edu.ar\/sitio\/wp-json\/wp\/v2\/pages"}],"about":[{"href":"https:\/\/emsma-nqn.infd.edu.ar\/sitio\/wp-json\/wp\/v2\/types\/page"}],"author":[{"embeddable":true,"href":"https:\/\/emsma-nqn.infd.edu.ar\/sitio\/wp-json\/wp\/v2\/users\/28"}],"replies":[{"embeddable":true,"href":"https:\/\/emsma-nqn.infd.edu.ar\/sitio\/wp-json\/wp\/v2\/comments?post=794"}],"version-history":[{"count":16,"href":"https:\/\/emsma-nqn.infd.edu.ar\/sitio\/wp-json\/wp\/v2\/pages\/794\/revisions"}],"predecessor-version":[{"id":2232,"href":"https:\/\/emsma-nqn.infd.edu.ar\/sitio\/wp-json\/wp\/v2\/pages\/794\/revisions\/2232"}],"wp:attachment":[{"href":"https:\/\/emsma-nqn.infd.edu.ar\/sitio\/wp-json\/wp\/v2\/media?parent=794"}],"curies":[{"name":"wp","href":"https:\/\/api.w.org\/{rel}","templated":true}]}}