{"id":798,"date":"2018-08-29T14:14:59","date_gmt":"2018-08-29T17:14:59","guid":{"rendered":"https:\/\/emsma-nqn.infd.edu.ar\/sitio\/plan-663-profesorado-de-musica-con-orientacion-en-direccion-coral\/"},"modified":"2025-02-20T13:32:48","modified_gmt":"2025-02-20T16:32:48","slug":"plan-663-profesorado-de-musica-con-orientacion-en-direccion-coral","status":"publish","type":"page","link":"https:\/\/emsma-nqn.infd.edu.ar\/sitio\/plan-663-profesorado-de-musica-con-orientacion-en-direccion-coral\/","title":{"rendered":"Plan 663 Profesorado de M\u00fasica con Orientaci\u00f3n en Direcci\u00f3n Coral"},"content":{"rendered":"<p>Plan 663 &#8211; Profesorado de M\u00fasica con Orientaci\u00f3n en Direcci\u00f3n Coral<\/p>\n<p><a href=\"https:\/\/emsma-nqn.infd.edu.ar\/sitio\/ingreso-2021-pi-requisitos\/\">Requisitos para ingresar&nbsp;<\/a><a href=\"https:\/\/emsma-nqn.infd.edu.ar\/sitio\/ingreso-2021-pi-requisitos\/\"><img decoding=\"async\" loading=\"lazy\" class=\"alignnone wp-image-1015\" src=\"https:\/\/emsma-nqn.infd.edu.ar\/sitio\/wp-content\/uploads\/2021\/03\/icono-de-la-mano-del-tecleo-vector-plano-de-la-muestra-del-finger-del-cursor-82898788-2-1000x644.jpg\" alt=\"\" width=\"36\" height=\"23\" srcset=\"https:\/\/emsma-nqn.infd.edu.ar\/sitio\/wp-content\/uploads\/2021\/03\/icono-de-la-mano-del-tecleo-vector-plano-de-la-muestra-del-finger-del-cursor-82898788-2-1000x644.jpg 1000w, https:\/\/emsma-nqn.infd.edu.ar\/sitio\/wp-content\/uploads\/2021\/03\/icono-de-la-mano-del-tecleo-vector-plano-de-la-muestra-del-finger-del-cursor-82898788-2-768x495.jpg 768w, https:\/\/emsma-nqn.infd.edu.ar\/sitio\/wp-content\/uploads\/2021\/03\/icono-de-la-mano-del-tecleo-vector-plano-de-la-muestra-del-finger-del-cursor-82898788-2.jpg 1037w\" sizes=\"(max-width: 36px) 100vw, 36px\" \/><\/a><\/p>\n<p class=\"p1\" style=\"text-align: center;\"><strong>PRIMER A\u00d1O<\/strong><\/p>\n<p class=\"p2\"><strong><span class=\"s1\">1\u00b0 cuatrimestre<\/span><\/strong><\/p>\n<p class=\"p2\"><span class=\"s1\">Psicolog\u00eda General \/ 4hs<\/span><\/p>\n<p class=\"p2\"><span class=\"s1\">Pedagog\u00eda General \/ 4hs<\/span><\/p>\n<p class=\"p2\"><strong><span class=\"s1\">Anual<\/span><\/strong><\/p>\n<p class=\"p2\"><span class=\"s1\">Canto (especialidad) \/ 2hs<\/span><\/p>\n<p class=\"p2\"><span class=\"s1\">Direcci\u00f3n Coral I ( especialidad) \/ 2hs<\/span><\/p>\n<p class=\"p2\"><span class=\"s1\">Taller de Coro y Pr\u00e1ctica de la Direcci\u00f3n Coral I \/ 4hs<\/span><\/p>\n<p class=\"p2\"><span class=\"s1\">Introducci\u00f3n a la Literatura y An\u00e1lisis \/&nbsp; 2hs<\/span><\/p>\n<p class=\"p2\"><span class=\"s1\">Instrumento Arm\u00f3nico I ( piano \u2013guitarra) \/ 1hs<\/span><\/p>\n<p class=\"p2\"><span class=\"s1\">Expresi\u00f3n Corporal \/ 2hs<\/span><\/p>\n<p class=\"p2\"><span class=\"s1\">Inform\u00e1tica y Nuevos Medios I \/ 3hs<\/span><\/p>\n<p class=\"p2\"><span class=\"s1\">Did\u00e1ctica General \/ 3hs<\/span><\/p>\n<p class=\"p2\"><span class=\"s1\">Dicci\u00f3n Francesa \/ 2hs<\/span><\/p>\n<p class=\"p2\"><span class=\"s1\">Taller de Lectura, Escritura y Oralidad \/ 3hs<\/span><\/p>\n<p class=\"p2\"><span class=\"s1\">Taller de Pr\u00e1ctica Institucional y Construcci\u00f3n de la Identidad Profesional \/ 2hs<\/span><\/p>\n<p class=\"p2\"><strong><span class=\"s1\">2\u00ba Cuatrimestre <\/span><\/strong><\/p>\n<p class=\"p2\"><span class=\"s1\">Sujeto del Aprendizaje I \/ 3hs<\/span><\/p>\n<p class=\"p2\"><span class=\"s1\">Historia Argentina Contempor\u00e1nea \/ 4hs<\/span><\/p>\n<p class=\"p2\" style=\"text-align: center;\"><strong><span class=\"s1\">SEGUNDO A\u00d1O <\/span><\/strong><\/p>\n<p class=\"p2\"><strong><span class=\"s1\">1\u00ba Cuatrimestre <\/span><\/strong><\/p>\n<p class=\"p2\"><span class=\"s1\">Sujeto del Aprendizaje II \/ 3hs<\/span><\/p>\n<p class=\"p2\"><span class=\"s1\">Did\u00e1ctica de la M\u00fasica para Nivel Inicial \/ 4hs<\/span><\/p>\n<p class=\"p2\"><strong><span class=\"s1\">Anual <\/span><\/strong><\/p>\n<p class=\"p2\"><span class=\"s1\">Direcci\u00f3n Coral II( especialidad) \/ 2hs<\/span><\/p>\n<p class=\"p2\"><span class=\"s1\">Taller de Coro y Pr\u00e1ctica de la Direcci\u00f3n Coral II \/ 4hs<\/span><\/p>\n<p class=\"p2\"><span class=\"s1\">Elementos de An\u00e1lisis Musical I \/ 4hs<\/span><\/p>\n<p class=\"p2\"><span class=\"s1\">Canto II (especialidad) \/ 2h<\/span><\/p>\n<p class=\"p2\"><span class=\"s1\">Historia de la M\u00fasica I \/ 3hs<\/span><\/p>\n<p class=\"p2\"><span class=\"s1\">Fon\u00e9tica y Fonolog\u00eda \/ 2hs<\/span><\/p>\n<p class=\"p2\"><span class=\"s1\">Inform\u00e1tica y Nuevos Medios II\/&nbsp; 2hs<\/span><\/p>\n<p class=\"p2\"><span class=\"s1\">Expresi\u00f3n Teatral \/ 2hs<\/span><\/p>\n<p class=\"p2\"><span class=\"s1\">Dicci\u00f3n Italiana \/ 2hs<\/span><\/p>\n<p><span class=\"s1\">Instrumento Arm\u00f3nico Popular 1 Piano o Guitarra<\/span><\/p>\n<p class=\"p2\"><span class=\"s1\">Taller de Pr\u00e1ctica Docente y Construcci\u00f3n de la Identidad Profesional I \/ 3hs<\/span><\/p>\n<p class=\"p2\"><strong><span class=\"s1\">2\u00ba Cuatrimestre <\/span><\/strong><\/p>\n<p class=\"p2\"><span class=\"s1\">Ac\u00fastica y Organolog\u00eda \/ 3hs<\/span><\/p>\n<p class=\"p2\"><span class=\"s1\">Did\u00e1ctica de la M\u00fasica para Nivel Primario\/&nbsp; 4hs<\/span><\/p>\n<p class=\"p2\" style=\"text-align: center;\"><strong><span class=\"s1\">TERCER A\u00d1O <\/span><\/strong><\/p>\n<p class=\"p2\"><strong><span class=\"s1\">1\u00ba Cuatrimestre <\/span><\/strong><\/p>\n<p class=\"p2\"><span class=\"s1\">Instituciones Educativas \/ 3hs <\/span><\/p>\n<p class=\"p2\"><span class=\"s1\">Did\u00e1ctica de la M\u00fasica para Nivel Medio \/ 3hs <\/span><\/p>\n<p class=\"p2\"><span class=\"s1\">Praxis y Elementos T\u00e9cnicos en la M\u00fas.Pop.I (Latinoamericana) \/ 3hs <\/span><\/p>\n<p class=\"p2\"><strong><span class=\"s1\">Anual <\/span><\/strong><\/p>\n<p class=\"p2\"><span class=\"s1\">Elementos de An\u00e1lisis Musical II \/ 4hs<\/span><\/p>\n<p class=\"p2\"><span class=\"s1\">Taller de Coro y Pr\u00e1ctica de la Direcci\u00f3n Coral III \/ 4hs<\/span><\/p>\n<p class=\"p2\"><span class=\"s1\">Direcci\u00f3n Coral III (especialidad) \/ 2hs<\/span><\/p>\n<p class=\"p2\"><span class=\"s1\">Did\u00e1ctica especializada: Direcci\u00f3n Coral III ( especialidad) \/ 3hs<\/span><\/p>\n<p class=\"p2\"><span class=\"s1\">Historia de la M\u00fasica II \/ 3hs<\/span><\/p>\n<p class=\"p2\"><span class=\"s1\">Dicci\u00f3n Alemana \/ 2hs<\/span><\/p>\n<p class=\"p2\"><span class=\"s1\">Arreglos Vocales \/ 2hs<\/span><\/p>\n<p class=\"p2\"><span class=\"s1\">Taller de Pr\u00e1ctica Doc.y Construcci\u00f3n de la Id.Profesional II \/ 4hs<\/span><\/p>\n<p class=\"p2\"><span class=\"s1\">Instrumento Arm\u00f3nico Popular II (Piano o Guitarra) \/ 1h<\/span><\/p>\n<p class=\"p2\"><strong><span class=\"s1\">2\u00ba Cuatrimestre <\/span><\/strong><\/p>\n<p class=\"p2\"><span class=\"s1\">Sociolog\u00eda de la Educaci\u00f2n \/ 3hs<\/span><\/p>\n<p class=\"p2\"><span class=\"s1\">Ensamble con Orientaci\u00f3n Pop.I(Latinoamericana) \/ 3hs<\/span><\/p>\n<p class=\"p2\"><span class=\"s1\">T\u00e9cnicas y Recursos contempor\u00e1neos de Direcci\u00f3n Coral \/ 3hs<\/span><\/p>\n<p class=\"p2\" style=\"text-align: center;\"><strong><span class=\"s1\">CUARTO A\u00d1O <\/span><\/strong><\/p>\n<p class=\"p2\"><strong><span class=\"s1\">1\u00ba Cuatrimestre <\/span><\/strong><\/p>\n<p class=\"p2\"><span class=\"s1\">Filosof\u00eda de la Educaci\u00f3n \/ 4hs<\/span><\/p>\n<p class=\"p2\"><span class=\"s1\">Residencia en Nivel Inicial Primario y medio \/ 8hs<\/span><\/p>\n<p class=\"p2\"><span class=\"s1\">Praxis y elementos t\u00e9cnicos en la M\u00fasica Popular II Tango\/Rock) \/ 3hs<\/span><\/p>\n<p class=\"p2\"><strong><span class=\"s1\">Anual <\/span><\/strong><\/p>\n<p class=\"p2\"><span class=\"s1\">Direcci\u00f3n Coral IV (especialidad) \/ 2hs<\/span><\/p>\n<p class=\"p2\"><span class=\"s1\">Taller de Coro y Pr\u00e1ctica de la Direcci\u00f3n Coral IV \/ 4hs<\/span><\/p>\n<p class=\"p2\"><span class=\"s1\">Elementos de An\u00e1lisis Musical III \/ 3hs<\/span><\/p>\n<p class=\"p2\"><span class=\"s1\">Taller de Producci\u00f3n y<span class=\"Apple-converted-space\">&nbsp; <\/span>Organizaci\u00f3n de Eventos Art\u00edsticos \/ 2hs<\/span><\/p>\n<p class=\"p2\"><span class=\"s1\">T\u00e9cnicas de improvisaci\u00f3n musical \/ 2hs<\/span><\/p>\n<p class=\"p2\"><span class=\"s1\">Residencia en Escuela de M\u00fasica \/ 4hs<\/span><\/p>\n<p class=\"p2\"><span class=\"s1\">Metodolog\u00eda de la Investigaci\u00f3n con fines educativos y art\u00edsticos \/ 2hs<\/span><\/p>\n<p class=\"p2\"><strong><span class=\"s1\">2\u00ba Cuatrimestre <\/span><\/strong><\/p>\n<p class=\"p2\"><span class=\"s1\">Est\u00e9ticas Contempor\u00e1neas \/ 3hs<\/span><\/p>\n<p class=\"p2\"><span class=\"s1\">Ensamble con Orientaci\u00f3n Popular II (Tango\/Rock- Jazz)\/&nbsp; 3hs<\/span><\/p>\n<p class=\"p2\"><span class=\"s1\">Pr\u00e1ctica de la Direcci\u00f3n Coral en \u00e1mbitos no formales \/ 4hs<\/span><\/p>\n","protected":false},"excerpt":{"rendered":"<p>Plan 663 &#8211; Profesorado de M\u00fasica con Orientaci\u00f3n en Direcci\u00f3n Coral Requisitos para ingresar&nbsp; PRIMER A\u00d1O 1\u00b0 cuatrimestre Psicolog\u00eda General \/ 4hs Pedagog\u00eda General \/ 4hs Anual Canto (especialidad) \/ 2hs Direcci\u00f3n Coral I ( especialidad) \/ 2hs Taller de Coro y Pr\u00e1ctica de la Direcci\u00f3n Coral I \/ 4hs Introducci\u00f3n a la Literatura y &#8230; <a title=\"Plan 663 Profesorado de M\u00fasica con Orientaci\u00f3n en Direcci\u00f3n Coral\" class=\"read-more\" href=\"https:\/\/emsma-nqn.infd.edu.ar\/sitio\/plan-663-profesorado-de-musica-con-orientacion-en-direccion-coral\/\" aria-label=\"More on Plan 663 Profesorado de M\u00fasica con Orientaci\u00f3n en Direcci\u00f3n Coral\">[+]<\/a><\/p>\n","protected":false},"author":28,"featured_media":0,"parent":0,"menu_order":0,"comment_status":"closed","ping_status":"closed","template":"","meta":[],"acf":[],"_links":{"self":[{"href":"https:\/\/emsma-nqn.infd.edu.ar\/sitio\/wp-json\/wp\/v2\/pages\/798"}],"collection":[{"href":"https:\/\/emsma-nqn.infd.edu.ar\/sitio\/wp-json\/wp\/v2\/pages"}],"about":[{"href":"https:\/\/emsma-nqn.infd.edu.ar\/sitio\/wp-json\/wp\/v2\/types\/page"}],"author":[{"embeddable":true,"href":"https:\/\/emsma-nqn.infd.edu.ar\/sitio\/wp-json\/wp\/v2\/users\/28"}],"replies":[{"embeddable":true,"href":"https:\/\/emsma-nqn.infd.edu.ar\/sitio\/wp-json\/wp\/v2\/comments?post=798"}],"version-history":[{"count":6,"href":"https:\/\/emsma-nqn.infd.edu.ar\/sitio\/wp-json\/wp\/v2\/pages\/798\/revisions"}],"predecessor-version":[{"id":2216,"href":"https:\/\/emsma-nqn.infd.edu.ar\/sitio\/wp-json\/wp\/v2\/pages\/798\/revisions\/2216"}],"wp:attachment":[{"href":"https:\/\/emsma-nqn.infd.edu.ar\/sitio\/wp-json\/wp\/v2\/media?parent=798"}],"curies":[{"name":"wp","href":"https:\/\/api.w.org\/{rel}","templated":true}]}}