{"id":800,"date":"2018-08-29T14:15:00","date_gmt":"2018-08-29T17:15:00","guid":{"rendered":"https:\/\/emsma-nqn.infd.edu.ar\/sitio\/plan-664-profesorado-de-musica-con-orientacion-en-canto\/"},"modified":"2025-02-20T13:33:10","modified_gmt":"2025-02-20T16:33:10","slug":"plan-664-profesorado-de-musica-con-orientacion-en-canto","status":"publish","type":"page","link":"https:\/\/emsma-nqn.infd.edu.ar\/sitio\/plan-664-profesorado-de-musica-con-orientacion-en-canto\/","title":{"rendered":"Plan 664 Profesorado de M\u00fasica con orientaci\u00f3n en Canto"},"content":{"rendered":"<p>Plan 664 Profesorado de M\u00fasica con orientaci\u00f3n en Canto<\/p>\n<p><a href=\"https:\/\/emsma-nqn.infd.edu.ar\/sitio\/ingreso-2021-pi-requisitos\/\">Requisitos para ingresar&nbsp;<\/a><a href=\"https:\/\/emsma-nqn.infd.edu.ar\/sitio\/ingreso-2021-pi-requisitos\/\"><img decoding=\"async\" loading=\"lazy\" class=\"alignnone wp-image-1015\" src=\"https:\/\/emsma-nqn.infd.edu.ar\/sitio\/wp-content\/uploads\/2021\/03\/icono-de-la-mano-del-tecleo-vector-plano-de-la-muestra-del-finger-del-cursor-82898788-2-1000x644.jpg\" alt=\"\" width=\"36\" height=\"23\" srcset=\"https:\/\/emsma-nqn.infd.edu.ar\/sitio\/wp-content\/uploads\/2021\/03\/icono-de-la-mano-del-tecleo-vector-plano-de-la-muestra-del-finger-del-cursor-82898788-2-1000x644.jpg 1000w, https:\/\/emsma-nqn.infd.edu.ar\/sitio\/wp-content\/uploads\/2021\/03\/icono-de-la-mano-del-tecleo-vector-plano-de-la-muestra-del-finger-del-cursor-82898788-2-768x495.jpg 768w, https:\/\/emsma-nqn.infd.edu.ar\/sitio\/wp-content\/uploads\/2021\/03\/icono-de-la-mano-del-tecleo-vector-plano-de-la-muestra-del-finger-del-cursor-82898788-2.jpg 1037w\" sizes=\"(max-width: 36px) 100vw, 36px\" \/><\/a><\/p>\n<p class=\"p1\" style=\"text-align: center;\"><strong><span class=\"s1\">PRIMER A\u00d1O<\/span><\/strong><\/p>\n<p class=\"p1\"><strong><span class=\"s1\">1\u00ba Cuatrimestre<\/span><\/strong><\/p>\n<p class=\"p1\"><span class=\"s1\">Psicolog\u00eda General \/ 4 hs<\/span><\/p>\n<p class=\"p1\"><span class=\"s1\">Pedagog\u00eda General \/&nbsp; 4 hs<\/span><\/p>\n<p class=\"p1\"><strong><span class=\"s1\">Anual <\/span><\/strong><\/p>\n<p class=\"p1\"><span class=\"s1\">Canto I ( especialidad) \/ 2 hs<\/span><\/p>\n<p class=\"p1\"><span class=\"s1\">Fonolog\u00eda y Fon\u00e9tica \/ 2 hs<\/span><\/p>\n<p class=\"p1\"><span class=\"s1\">Dicci\u00f3n Francesa \/ 2 hs<\/span><\/p>\n<p class=\"p1\"><span class=\"s1\">Repertorio I \/ 2 hs<\/span><\/p>\n<p class=\"p1\"><span class=\"s1\">Instrumento arm\u00f3nico I (piano \u2013guitarra) \/ 1 h<\/span><\/p>\n<p class=\"p1\"><span class=\"s1\">Introducci\u00f3n a la Literatura y An\u00e1lisis \/ 2 hs<\/span><\/p>\n<p class=\"p1\"><span class=\"s1\">Expresi\u00f3n Corporal \/ 2 hs<\/span><\/p>\n<p class=\"p1\"><span class=\"s1\">Inform\u00e1tica y Nuevos Medios I \/ 3 hs<\/span><\/p>\n<p class=\"p1\"><span class=\"s1\">Did\u00e1ctica General \/ 3hs<\/span><\/p>\n<p class=\"p1\"><span class=\"s1\">Taller de Lectura, Escritura y Oralidad \/ 3hs<\/span><\/p>\n<p class=\"p1\"><span class=\"s1\">Taller de Pr\u00e1ctica Institucional y Construcci\u00f3n de la Identidad Profesional \/ 2hs<\/span><\/p>\n<p class=\"p1\" style=\"text-align: center;\"><strong><span class=\"s1\">SEGUNDO A\u00d1O <\/span><\/strong><\/p>\n<p class=\"p1\"><strong><span class=\"s1\">1\u00ba Cuatrimestre <\/span><\/strong><\/p>\n<p class=\"p1\"><span class=\"s1\">Sujeto del Aprendizaje II \/ 3 hs <\/span><\/p>\n<p class=\"p1\"><span class=\"s1\">Did\u00e1ctica de la M\u00fasica para Nivel Inicial \/ 4 hs <\/span><\/p>\n<p class=\"p1\"><strong><span class=\"s1\">Anual <\/span><\/strong><\/p>\n<p class=\"p1\"><span class=\"s1\">Repertorio II \/ 2hs<\/span><\/p>\n<p class=\"p1\"><span class=\"s1\">Elementos de An\u00e1lisis Musical I \/ 4 hs<\/span><\/p>\n<p class=\"p1\"><span class=\"s1\">M\u00fasica de c\u00e1mara I \/ 2 hs<\/span><\/p>\n<p class=\"p1\"><span class=\"s1\">Canto Popular \/ 1 h<\/span><\/p>\n<p class=\"p1\"><span class=\"s1\">Canto II ( especialidad) \/ 2 hs<\/span><\/p>\n<p class=\"p1\"><span class=\"s1\">Coro ( especialidad)&nbsp; \/ 4 hs<\/span><\/p>\n<p class=\"p1\"><span class=\"s1\">Instrumento arm\u00f3nico II (piano-guitarra) \/ 1 h<\/span><\/p>\n<p class=\"p1\"><span class=\"s1\">Historia de la M\u00fasica I \/ 3 hs<\/span><\/p>\n<p class=\"p1\"><span class=\"s1\">Inform\u00e1tica y Nuevos Medios II \/ 2 hs<\/span><\/p>\n<p class=\"p1\"><span class=\"s1\">Expresi\u00f3n Teatral I ( especialidad) \/ 2 hs<\/span><\/p>\n<p class=\"p1\"><span class=\"s1\">Dicci\u00f3n Italiana \/ 2 hs<\/span><\/p>\n<p class=\"p1\"><span class=\"s1\">Taller de Pr\u00e1ctica Docente y construcci\u00f3n de la Identidad Profesional I \/ 3 hs<\/span><\/p>\n<p class=\"p1\"><strong><span class=\"s1\">2\u00ba Cuatrimestre <\/span><\/strong><\/p>\n<p class=\"p1\"><span class=\"s1\">Ac\u00fastica y Organolog\u00eda \/ 3 hs<\/span><\/p>\n<p class=\"p1\"><span class=\"s1\">Did\u00e1ctica de la M\u00fasica p\/ Nivel Primario \/&nbsp; 4 hs<\/span><\/p>\n<p class=\"p1\" style=\"text-align: center;\"><strong><span class=\"s1\">TERCER A\u00d1O <\/span><\/strong><\/p>\n<p class=\"p1\"><strong><span class=\"s1\">1\u00ba Cuatrimestre <\/span><\/strong><\/p>\n<p class=\"p1\"><span class=\"s1\">Instituciones Educativas \/ 3 hs<\/span><\/p>\n<p class=\"p1\"><span class=\"s1\">Did\u00e1ctica de la M\u00fasica para Nivel Medio \/ 3 hs<\/span><\/p>\n<p class=\"p1\"><span class=\"s1\">Praxis y Elementos T\u00e9cnicos en la M\u00fasica Popular I (Latinoamericana) \/ 3 hs<\/span><\/p>\n<p class=\"p1\"><strong><span class=\"s1\">Anual <\/span><\/strong><\/p>\n<p class=\"p1\"><span class=\"s1\">Elementos de An\u00e1lisis Musical II \/ 4 hs<\/span><\/p>\n<p class=\"p1\"><span class=\"s1\">Repertorio III \/ 2hs <\/span><\/p>\n<p class=\"p1\"><span class=\"s1\">M\u00fasica de C\u00e1mara II \/ 2 hs <\/span><\/p>\n<p class=\"p1\"><span class=\"s1\">Expresi\u00f3n Teatral II (especialidad) \/ 2 hs <\/span><\/p>\n<p class=\"p1\"><span class=\"s1\">Canto III ( especialidad) \/ 2 h <\/span><\/p>\n<p class=\"p1\"><span class=\"s1\">Dicci\u00f3n Alemana \/ 2 hs <\/span><\/p>\n<p class=\"p1\"><span class=\"s1\">Instrumento arm\u00f3nico III ( piano- guitarra) \/ 1 h <\/span><\/p>\n<p class=\"p1\"><span class=\"s1\">Did\u00e1ctica especializada Canto III (especialidad) \/ 2 hs <\/span><\/p>\n<p class=\"p1\"><span class=\"s1\">Direcci\u00f3n Coral \/ 2 hs <\/span><\/p>\n<p class=\"p1\"><span class=\"s1\">Historia de la M\u00fasica II \/ 3 hs <\/span><\/p>\n<p class=\"p1\"><span class=\"s1\">Taller de Pr\u00e1ctica Docente y Construcci\u00f3n de la Identidad Profesional II \/ 4hs<\/span><\/p>\n<p class=\"p1\"><strong><span class=\"s1\">2\u00ba Cuatrimestre <\/span><\/strong><\/p>\n<p class=\"p1\"><span class=\"s1\">Sociolog\u00eda de la Educaci\u00f3n \/ 3hs<\/span><\/p>\n<p class=\"p1\"><span class=\"s1\">Ensamble con Orientaci\u00f3n Popular I(Latinoamericana) \/ 3hs<\/span><\/p>\n<p class=\"p1\"><span class=\"s1\">T\u00e9cnicas y Recursos contempor\u00e1neos del canto \/ 3hs<\/span><\/p>\n<p class=\"p1\" style=\"text-align: center;\"><strong><span class=\"s1\">CUARTO A\u00d1O <\/span><\/strong><\/p>\n<p class=\"p1\"><strong><span class=\"s1\">1\u00b0 cuatrimestre <\/span><\/strong><\/p>\n<p class=\"p1\"><span class=\"s1\">Filosof\u00eda de la Educaci\u00f3n \/ 4 hs<\/span><\/p>\n<p class=\"p1\"><span class=\"s1\">Residencia en Nivel Inicial Primario y medio \/ 8hs<\/span><\/p>\n<p class=\"p1\"><span class=\"s1\">Praxis y elementos t\u00e9c.en la M\u00fasica Popular II(Tango\/Rock) \/ 3hs<\/span><\/p>\n<p class=\"p1\"><strong><span class=\"s1\">Anual <\/span><\/strong><\/p>\n<p class=\"p1\"><span class=\"s1\">Canto \/ 2 hs<\/span><\/p>\n<p class=\"p1\"><span class=\"s1\">M\u00fasica de C\u00e1mara III \/ 2 hs<\/span><\/p>\n<p class=\"p1\"><span class=\"s1\">Elementos de An\u00e1lisis Musical III \/ 3hs<\/span><\/p>\n<p class=\"p1\"><span class=\"s1\">Taller de Producci\u00f3n y Organizaci\u00f3n de Eventos Art\u00edsticos \/ 2 hs<\/span><\/p>\n<p class=\"p1\"><span class=\"s1\">T\u00e9cnicas de improvisaci\u00f3n musical \/ 2 hs<\/span><\/p>\n<p class=\"p1\"><span class=\"s1\">Residencia en Escuela de M\u00fasica \/ 4 hs<\/span><\/p>\n<p class=\"p1\"><span class=\"s1\">Metodolog\u00eda de la Investigaci\u00f3n con fines educativos y<span class=\"Apple-converted-space\">&nbsp; <\/span>art\u00edsticos \/ 2hs<\/span><\/p>\n<p class=\"p1\"><strong><span class=\"s1\">2\u00ba Cuatrimestre <\/span><\/strong><\/p>\n<p class=\"p1\"><span class=\"s1\">Est\u00e9ticas Contempor\u00e1neas \/ 3 hs<\/span><\/p>\n<p class=\"p1\"><span class=\"s1\">Ensamble con Orientaci\u00f3n Popular II (Tango\/Rock) \/ 3 hs<\/span><\/p>\n<p class=\"p1\"><span class=\"s1\">Pr\u00e1ctica de la Direcci\u00f3n Coral en \u00e1mbitos no formales\/&nbsp; 4 hs<\/span><\/p>\n","protected":false},"excerpt":{"rendered":"<p>Plan 664 Profesorado de M\u00fasica con orientaci\u00f3n en Canto Requisitos para ingresar&nbsp; PRIMER A\u00d1O 1\u00ba Cuatrimestre Psicolog\u00eda General \/ 4 hs Pedagog\u00eda General \/&nbsp; 4 hs Anual Canto I ( especialidad) \/ 2 hs Fonolog\u00eda y Fon\u00e9tica \/ 2 hs Dicci\u00f3n Francesa \/ 2 hs Repertorio I \/ 2 hs Instrumento arm\u00f3nico I (piano \u2013guitarra) &#8230; <a title=\"Plan 664 Profesorado de M\u00fasica con orientaci\u00f3n en Canto\" class=\"read-more\" href=\"https:\/\/emsma-nqn.infd.edu.ar\/sitio\/plan-664-profesorado-de-musica-con-orientacion-en-canto\/\" aria-label=\"More on Plan 664 Profesorado de M\u00fasica con orientaci\u00f3n en Canto\">[+]<\/a><\/p>\n","protected":false},"author":28,"featured_media":0,"parent":0,"menu_order":0,"comment_status":"closed","ping_status":"closed","template":"","meta":[],"acf":[],"_links":{"self":[{"href":"https:\/\/emsma-nqn.infd.edu.ar\/sitio\/wp-json\/wp\/v2\/pages\/800"}],"collection":[{"href":"https:\/\/emsma-nqn.infd.edu.ar\/sitio\/wp-json\/wp\/v2\/pages"}],"about":[{"href":"https:\/\/emsma-nqn.infd.edu.ar\/sitio\/wp-json\/wp\/v2\/types\/page"}],"author":[{"embeddable":true,"href":"https:\/\/emsma-nqn.infd.edu.ar\/sitio\/wp-json\/wp\/v2\/users\/28"}],"replies":[{"embeddable":true,"href":"https:\/\/emsma-nqn.infd.edu.ar\/sitio\/wp-json\/wp\/v2\/comments?post=800"}],"version-history":[{"count":5,"href":"https:\/\/emsma-nqn.infd.edu.ar\/sitio\/wp-json\/wp\/v2\/pages\/800\/revisions"}],"predecessor-version":[{"id":2217,"href":"https:\/\/emsma-nqn.infd.edu.ar\/sitio\/wp-json\/wp\/v2\/pages\/800\/revisions\/2217"}],"wp:attachment":[{"href":"https:\/\/emsma-nqn.infd.edu.ar\/sitio\/wp-json\/wp\/v2\/media?parent=800"}],"curies":[{"name":"wp","href":"https:\/\/api.w.org\/{rel}","templated":true}]}}