{"id":802,"date":"2018-08-29T14:15:00","date_gmt":"2018-08-29T17:15:00","guid":{"rendered":"https:\/\/emsma-nqn.infd.edu.ar\/sitio\/plan-665-profesorado-de-musica-con-orientacion-en-direccion-orquestal\/"},"modified":"2025-02-20T13:33:28","modified_gmt":"2025-02-20T16:33:28","slug":"plan-665-profesorado-de-musica-con-orientacion-en-direccion-orquestal","status":"publish","type":"page","link":"https:\/\/emsma-nqn.infd.edu.ar\/sitio\/plan-665-profesorado-de-musica-con-orientacion-en-direccion-orquestal\/","title":{"rendered":"Plan 665  Profesorado de M\u00fasica con Orientaci\u00f3n en Direcci\u00f3n Orquestal"},"content":{"rendered":"<p class=\"p1\"><span class=\"s1\">Plan 665 Profesorado de M\u00fasica con Orientaci\u00f3n en Direcci\u00f3n Orquestal<\/span><\/p>\n<p><a href=\"https:\/\/emsma-nqn.infd.edu.ar\/sitio\/ingreso-2021-pi-requisitos\/\">Requisitos para ingresar&nbsp;<\/a><a href=\"https:\/\/emsma-nqn.infd.edu.ar\/sitio\/ingreso-2021-pi-requisitos\/\"><img decoding=\"async\" loading=\"lazy\" class=\"alignnone wp-image-1015\" src=\"https:\/\/emsma-nqn.infd.edu.ar\/sitio\/wp-content\/uploads\/2021\/03\/icono-de-la-mano-del-tecleo-vector-plano-de-la-muestra-del-finger-del-cursor-82898788-2-1000x644.jpg\" alt=\"\" width=\"36\" height=\"23\" srcset=\"https:\/\/emsma-nqn.infd.edu.ar\/sitio\/wp-content\/uploads\/2021\/03\/icono-de-la-mano-del-tecleo-vector-plano-de-la-muestra-del-finger-del-cursor-82898788-2-1000x644.jpg 1000w, https:\/\/emsma-nqn.infd.edu.ar\/sitio\/wp-content\/uploads\/2021\/03\/icono-de-la-mano-del-tecleo-vector-plano-de-la-muestra-del-finger-del-cursor-82898788-2-768x495.jpg 768w, https:\/\/emsma-nqn.infd.edu.ar\/sitio\/wp-content\/uploads\/2021\/03\/icono-de-la-mano-del-tecleo-vector-plano-de-la-muestra-del-finger-del-cursor-82898788-2.jpg 1037w\" sizes=\"(max-width: 36px) 100vw, 36px\" \/><\/a><\/p>\n<p class=\"p1\" style=\"text-align: center;\"><strong><span class=\"s1\">PRIMER A\u00d1O<\/span><\/strong><\/p>\n<p class=\"p1\"><strong><span class=\"s1\">1\u00b0 cuatrimestre <\/span><\/strong><\/p>\n<p class=\"p1\"><span class=\"s1\">Psicolog\u00eda General \/ 4 hs<\/span><\/p>\n<p class=\"p1\"><span class=\"s1\">Pedagog\u00eda General \/ 4 hs<\/span><\/p>\n<p class=\"p1\"><strong><span class=\"s1\">Anual<\/span><\/strong><\/p>\n<p class=\"p1\"><span class=\"s1\">Teor\u00eda y Pr\u00e1ctica de la Direcci\u00f3n Orquestal I \/ 4 hs<\/span><\/p>\n<p class=\"p1\"><span class=\"s1\">Elementos de An\u00e1lisis Musical I \/ 4 hs<\/span><\/p>\n<p>Educaci\u00f3n Vocal \/ 2hs<\/p>\n<p class=\"p1\"><span class=\"s1\">Instrumento de arco \/ 1 h<\/span><\/p>\n<p class=\"p1\"><span class=\"s1\">Canto I \/ 1 h<\/span><\/p>\n<p class=\"p1\"><span class=\"s1\">Direcci\u00f3n Coral \/ 2 hs<\/span><\/p>\n<p class=\"p1\"><span class=\"s1\">Expresi\u00f3n Corporal \/ 2 hs<\/span><\/p>\n<p class=\"p1\"><span class=\"s1\">Inform\u00e1tica y Nuevos Medios I \/ 3 hs<\/span><\/p>\n<p class=\"p1\"><span class=\"s1\">Did\u00e1ctica General \/ 3 hs<\/span><\/p>\n<p class=\"p1\"><span class=\"s1\">Taller de Lectura, escritura y oralidad \/ 3 hs<\/span><\/p>\n<p class=\"p1\"><span class=\"s1\">Taller de Pr\u00e1ctica Institucional y Construcci\u00f3n de la Identidad Profesional \/ 2hs<\/span><\/p>\n<p class=\"p1\"><strong><span class=\"s1\">2\u00ba Cuatrimestre <\/span><\/strong><\/p>\n<p class=\"p1\"><span class=\"s1\">Sujeto del Aprendizaje II \/ 3 hs <\/span><\/p>\n<p class=\"p1\"><span class=\"s1\">Did\u00e1ctica de la M\u00fasica para nivel Inicial \/ 4 hs<\/span><\/p>\n<p class=\"p1\" style=\"text-align: center;\"><strong><span class=\"s1\">SEGUNDO A\u00d1O<\/span><\/strong><\/p>\n<p class=\"p2\"><strong>&nbsp;<span class=\"s1\">1\u00ba Cuatrimestre <\/span><\/strong><\/p>\n<p class=\"p1\"><span class=\"s1\">Sujeto del Aprendizaje I \/&nbsp; 3 hs<\/span><\/p>\n<p class=\"p1\"><span class=\"s1\">Historia Argentina Contempor\u00e1nea \/ 4 hs<\/span><\/p>\n<p class=\"p1\"><strong><span class=\"s1\">Anual<\/span><\/strong><\/p>\n<p class=\"p1\"><span class=\"s1\">Teor\u00eda y Pr\u00e1ctica de la Direcci\u00f3n Orquestal II \/ 4 h<\/span><\/p>\n<p class=\"p1\"><span class=\"s1\">Elementos de An\u00e1lisis musical II \/ 4 h<\/span><\/p>\n<p class=\"p1\"><span class=\"s1\">Orquestaci\u00f3n I \/ 2 h<\/span><\/p>\n<p class=\"p1\"><span class=\"s1\">Canto II \/ 1 h<\/span><\/p>\n<p class=\"p1\"><span class=\"s1\">Taller de Coro y Pr\u00e1ctica de Direcci\u00f3n Coral \/ 4 h<\/span><\/p>\n<p class=\"p1\"><span class=\"s1\">Historia de la M\u00fasica I \/ 3 hs<\/span><\/p>\n<p class=\"p1\"><span class=\"s1\">Inform\u00e1tica y Nuevos Medios II \/ 2hs<\/span><\/p>\n<p class=\"p1\"><span class=\"s1\">Expresi\u00f3n Teatral \/ 2 hs<\/span><\/p>\n<p class=\"p1\"><span class=\"s1\">Instrumento de Viento \/ 1h<\/span><\/p>\n<p class=\"p1\"><span class=\"s1\">Taller de Pr\u00e1ctica Docente y Constr. de la Id.Profesional I \/ 3 hs<\/span><\/p>\n<p class=\"p1\"><strong><span class=\"s1\">2\u00b0 Cuatrimestre <\/span><\/strong><\/p>\n<p class=\"p1\"><span class=\"s1\">Ac\u00fastica y Organolog\u00eda \/ 3 hs<\/span><\/p>\n<p class=\"p1\"><span class=\"s1\">Did\u00e1ctica de la M\u00fasica para Nivel Primario \/ 4 hs<\/span><\/p>\n<p class=\"p1\" style=\"text-align: center;\"><strong><span class=\"s1\">TERCER A\u00d1O <\/span><\/strong><\/p>\n<p class=\"p1\"><strong><span class=\"s1\">1\u00ba Cuatrimestre <\/span><\/strong><\/p>\n<p class=\"p1\"><span class=\"s1\">Instituciones Educativas \/ 3 hs<\/span><\/p>\n<p class=\"p1\"><span class=\"s1\">Did\u00e1ctica de la M\u00fasica para Nivel Medio\/&nbsp; 3 hs<\/span><\/p>\n<p class=\"p1\"><span class=\"s1\">Praxis y Elementos T\u00e9cnicos en la M\u00fasica Popular I(Latinoamericana) \/ 3 hs<\/span><\/p>\n<p class=\"p1\"><strong><span class=\"s1\">Anual<\/span><\/strong><\/p>\n<p class=\"p1\"><span class=\"s1\">Teor\u00eda y Pr\u00e1ctica de la Direcci\u00f3n Orquestal III \/ 4 hs<\/span><\/p>\n<p class=\"p1\"><span class=\"s1\">Proyectos de Composici\u00f3n \/&nbsp; 3hs<\/span><\/p>\n<p class=\"p1\"><span class=\"s1\">Elementos de An\u00e1lisis Musical III \/&nbsp; 4 hs<\/span><\/p>\n<p class=\"p1\"><span class=\"s1\">Orquestaci\u00f3n II \/ 2hs<\/span><\/p>\n<p class=\"p1\"><span class=\"s1\">Did\u00e1ctica especializada: Direcci\u00f3n orquestal (especialidad)\/&nbsp; 2hs<\/span><\/p>\n<p class=\"p1\"><span class=\"s1\">Historia de la M\u00fasica II \/ 3 hs<\/span><\/p>\n<p class=\"p1\"><span class=\"s1\">Taller de Pr\u00e1ctica Docente y Constr.de la Id.Profesional II \/ 4 hs<\/span><\/p>\n<p class=\"p1\"><span class=\"s1\">Instrumentos de Percusi\u00f3n orquestal \/ 2 hs<\/span><\/p>\n<p class=\"p1\"><span class=\"s1\">Arreglos vocales \/ 2 hs<\/span><\/p>\n<p class=\"p1\"><strong><span class=\"s1\">2\u00ba Cuatrimestre <\/span><\/strong><\/p>\n<p class=\"p1\"><span class=\"s1\">Sociolog\u00eda de la Educaci\u00f3n \/ 3 hs<\/span><\/p>\n<p class=\"p1\"><span class=\"s1\">Ensamble con Orientaci\u00f3n Popular I (Latinoamericana) \/ 3 hs<\/span><\/p>\n<p class=\"p1\"><span class=\"s1\">T\u00e9cnicas y Recursos contempor\u00e1neos (Direcci\u00f3n Orquestal) \/ 3 hs<\/span><\/p>\n<p class=\"p1\" style=\"text-align: center;\"><strong><span class=\"s1\">CUARTO A\u00d1O <\/span><\/strong><\/p>\n<p class=\"p1\"><strong><span class=\"s1\">1\u00b0 cuatrimestre <\/span><\/strong><\/p>\n<p class=\"p1\"><span class=\"s1\">Filosof\u00eda de la Educaci\u00f3n \/ 4 hs<\/span><\/p>\n<p class=\"p1\"><span class=\"s1\">Residencia en Nivel Inicial Primario y medio \/ 8 hs<\/span><\/p>\n<p class=\"p1\"><span class=\"s1\">Praxis y elementos t\u00e9c.en la M\u00fasica Popular II (Tango\/Rock) \/ 3 hs<\/span><\/p>\n<p class=\"p1\"><strong><span class=\"s1\">Anual<\/span><\/strong><\/p>\n<p class=\"p1\"><span class=\"s1\">Teor\u00eda y Pr\u00e1ctica de la Direcci\u00f3n Orquestal IV \/ 4 hs<\/span><\/p>\n<p class=\"p1\"><span class=\"s1\">Orquestaci\u00f3n III \/ 2 hs<\/span><\/p>\n<p class=\"p1\"><span class=\"s1\">Taller de Producci\u00f3n y Organizaci\u00f3n de Eventos Art\u00edsticos \/ 2 hs<\/span><\/p>\n<p class=\"p1\"><span class=\"s1\">Residencia en Escuela de M\u00fasica \/ 4 hs<\/span><\/p>\n<p class=\"p1\"><span class=\"s1\">Metod. de la Investigaci\u00f3n con fines educativos y art\u00edsticos \/ 2 hs<\/span><\/p>\n<p class=\"p1\"><strong><span class=\"s1\">2\u00ba Cuatrimestre <\/span><\/strong><\/p>\n<p class=\"p1\"><span class=\"s1\">Est\u00e9ticas Contempor\u00e1neas \/ 4 hs<\/span><\/p>\n<p class=\"p1\"><span class=\"s1\">Ensamble con Orientaci\u00f3n Popular II (Tango\/Rock) \/ 3 hs<\/span><\/p>\n<p class=\"p1\"><span class=\"s1\">Pr\u00e1ctica de la Direcci\u00f3n Sinf\u00f3nica &#8211; Coral \/ 6 hs<\/span><\/p>\n","protected":false},"excerpt":{"rendered":"<p>Plan 665 Profesorado de M\u00fasica con Orientaci\u00f3n en Direcci\u00f3n Orquestal Requisitos para ingresar&nbsp; PRIMER A\u00d1O 1\u00b0 cuatrimestre Psicolog\u00eda General \/ 4 hs Pedagog\u00eda General \/ 4 hs Anual Teor\u00eda y Pr\u00e1ctica de la Direcci\u00f3n Orquestal I \/ 4 hs Elementos de An\u00e1lisis Musical I \/ 4 hs Educaci\u00f3n Vocal \/ 2hs Instrumento de arco \/ &#8230; <a title=\"Plan 665  Profesorado de M\u00fasica con Orientaci\u00f3n en Direcci\u00f3n Orquestal\" class=\"read-more\" href=\"https:\/\/emsma-nqn.infd.edu.ar\/sitio\/plan-665-profesorado-de-musica-con-orientacion-en-direccion-orquestal\/\" aria-label=\"More on Plan 665  Profesorado de M\u00fasica con Orientaci\u00f3n en Direcci\u00f3n Orquestal\">[+]<\/a><\/p>\n","protected":false},"author":28,"featured_media":0,"parent":0,"menu_order":0,"comment_status":"closed","ping_status":"closed","template":"","meta":[],"acf":[],"_links":{"self":[{"href":"https:\/\/emsma-nqn.infd.edu.ar\/sitio\/wp-json\/wp\/v2\/pages\/802"}],"collection":[{"href":"https:\/\/emsma-nqn.infd.edu.ar\/sitio\/wp-json\/wp\/v2\/pages"}],"about":[{"href":"https:\/\/emsma-nqn.infd.edu.ar\/sitio\/wp-json\/wp\/v2\/types\/page"}],"author":[{"embeddable":true,"href":"https:\/\/emsma-nqn.infd.edu.ar\/sitio\/wp-json\/wp\/v2\/users\/28"}],"replies":[{"embeddable":true,"href":"https:\/\/emsma-nqn.infd.edu.ar\/sitio\/wp-json\/wp\/v2\/comments?post=802"}],"version-history":[{"count":6,"href":"https:\/\/emsma-nqn.infd.edu.ar\/sitio\/wp-json\/wp\/v2\/pages\/802\/revisions"}],"predecessor-version":[{"id":2218,"href":"https:\/\/emsma-nqn.infd.edu.ar\/sitio\/wp-json\/wp\/v2\/pages\/802\/revisions\/2218"}],"wp:attachment":[{"href":"https:\/\/emsma-nqn.infd.edu.ar\/sitio\/wp-json\/wp\/v2\/media?parent=802"}],"curies":[{"name":"wp","href":"https:\/\/api.w.org\/{rel}","templated":true}]}}