{"id":804,"date":"2018-08-29T14:15:01","date_gmt":"2018-08-29T17:15:01","guid":{"rendered":"https:\/\/emsma-nqn.infd.edu.ar\/sitio\/plan-666-profesorado-de-musica-con-orientacion-en-composicion\/"},"modified":"2025-02-20T13:33:48","modified_gmt":"2025-02-20T16:33:48","slug":"plan-666-profesorado-de-musica-con-orientacion-en-composicion","status":"publish","type":"page","link":"https:\/\/emsma-nqn.infd.edu.ar\/sitio\/plan-666-profesorado-de-musica-con-orientacion-en-composicion\/","title":{"rendered":"Plan 666 Profesorado de M\u00fasica con Orientaci\u00f3n en Composici\u00f3n"},"content":{"rendered":"<p>Plan 666 Profesorado de M\u00fasica con Orientaci\u00f3n en Composici\u00f3n<\/p>\n<p><a href=\"https:\/\/emsma-nqn.infd.edu.ar\/sitio\/ingreso-2021-pi-requisitos\/\">Requisitos para ingresar&nbsp;<\/a><a href=\"https:\/\/emsma-nqn.infd.edu.ar\/sitio\/ingreso-2021-pi-requisitos\/\"><img decoding=\"async\" loading=\"lazy\" class=\"alignnone wp-image-1015\" src=\"https:\/\/emsma-nqn.infd.edu.ar\/sitio\/wp-content\/uploads\/2021\/03\/icono-de-la-mano-del-tecleo-vector-plano-de-la-muestra-del-finger-del-cursor-82898788-2-1000x644.jpg\" alt=\"\" width=\"36\" height=\"23\" srcset=\"https:\/\/emsma-nqn.infd.edu.ar\/sitio\/wp-content\/uploads\/2021\/03\/icono-de-la-mano-del-tecleo-vector-plano-de-la-muestra-del-finger-del-cursor-82898788-2-1000x644.jpg 1000w, https:\/\/emsma-nqn.infd.edu.ar\/sitio\/wp-content\/uploads\/2021\/03\/icono-de-la-mano-del-tecleo-vector-plano-de-la-muestra-del-finger-del-cursor-82898788-2-768x495.jpg 768w, https:\/\/emsma-nqn.infd.edu.ar\/sitio\/wp-content\/uploads\/2021\/03\/icono-de-la-mano-del-tecleo-vector-plano-de-la-muestra-del-finger-del-cursor-82898788-2.jpg 1037w\" sizes=\"(max-width: 36px) 100vw, 36px\" \/><\/a><\/p>\n<p class=\"p1\" style=\"text-align: center;\"><strong><span class=\"s1\">PRIMER A\u00d1O<\/span><\/strong><\/p>\n<p class=\"p1\"><strong><span class=\"s1\">1\u00b0 cuatrimestre <\/span><\/strong><\/p>\n<p class=\"p1\"><span class=\"s1\">Psicolog\u00eda General \/ 4 hs<\/span><\/p>\n<p class=\"p1\"><span class=\"s1\">Pedagog\u00eda General \/ 4 hs<\/span><\/p>\n<p class=\"p1\"><strong><span class=\"s1\">Anual<\/span><\/strong><\/p>\n<p class=\"p1\"><span class=\"s1\">Proyectos de Composici\u00f3n I<span class=\"Apple-converted-space\">&nbsp; \/&nbsp;<\/span>3hs<\/span><\/p>\n<p class=\"p1\"><span class=\"s1\">Elementos de An\u00e1lisis Musical I<span class=\"Apple-converted-space\">&nbsp; \/&nbsp;<\/span>4hs<\/span><\/p>\n<p class=\"p1\"><span class=\"s1\">Orquestaci\u00f3n I<span class=\"Apple-converted-space\">&nbsp; \/&nbsp;<\/span>2hs<\/span><\/p>\n<p class=\"p1\"><span class=\"s1\">Instrumento Arm\u00f3nico I (Piano o Guitarra)<span class=\"Apple-converted-space\">&nbsp;\/&nbsp;<\/span>1 h<\/span><\/p>\n<p class=\"p1\"><span class=\"s1\">Educaci\u00f3n Vocal<span class=\"Apple-converted-space\">&nbsp; \/&nbsp;<\/span>2hs<\/span><\/p>\n<p class=\"p1\"><span class=\"s1\">Expresi\u00f3n Corporal<span class=\"Apple-converted-space\">&nbsp; \/&nbsp;<\/span>2hs<\/span><\/p>\n<p class=\"p1\"><span class=\"s1\">Inform\u00e1tica y Nuevos Medios I<span class=\"Apple-converted-space\">&nbsp;\/&nbsp;&nbsp;<\/span>3hs<\/span><\/p>\n<p class=\"p1\"><span class=\"s1\">Did\u00e1ctica General<span class=\"Apple-converted-space\">&nbsp;\/&nbsp;&nbsp;<\/span>3hs<\/span><\/p>\n<p class=\"p1\"><span class=\"s1\">Taller de Lectura, escritura y oralidad \/ 3hs<\/span><\/p>\n<p class=\"p1\"><span class=\"s1\">Taller de Pr\u00e1ctica Instit. y Construc. de la Id.Profesional<span class=\"Apple-converted-space\">&nbsp; \/&nbsp;<\/span>2hs<\/span><\/p>\n<p><strong><span class=\"s1\">2\u00ba cuatrimestre<\/span><\/strong><\/p>\n<p class=\"p1\"><span class=\"s1\">Sujeto Aprendizaje 1&nbsp; \/ 3h<\/span><\/p>\n<p class=\"p1\"><span class=\"s1\">Historia Argentina contempor\u00e1nea 4 hs<\/span><\/p>\n<p class=\"p1\"><span class=\"s1\">Ac\u00fastica y organolog\u00eda \/ 3h<\/span><\/p>\n<p class=\"p1\" style=\"text-align: center;\"><strong><span class=\"s1\">SEGUNDO A\u00d1O <\/span><\/strong><\/p>\n<p class=\"p1\"><strong><span class=\"s1\">1\u00b0cuatrimestre <\/span><\/strong><\/p>\n<p class=\"p1\"><span class=\"s1\">Sujeto del Aprendizaje II \/ 3 hs<\/span><\/p>\n<p class=\"p1\"><span class=\"s1\">Did\u00e1ctica de la M\u00fasica para Nivel Inicial \/&nbsp; 4 hs<\/span><\/p>\n<p class=\"p1\"><strong><span class=\"s1\">Anual<\/span><\/strong><\/p>\n<p class=\"p1\"><span class=\"s1\">Proyectos de Composici\u00f3n II<span class=\"Apple-converted-space\">&nbsp; \/&nbsp;<\/span>3hs<\/span><\/p>\n<p class=\"p1\"><span class=\"s1\">Elementos de An\u00e1lisis Musical II<span class=\"Apple-converted-space\">&nbsp;\/&nbsp;&nbsp;<\/span>4hs<\/span><\/p>\n<p class=\"p1\"><span class=\"s1\">Orquestaci\u00f3n II<span class=\"Apple-converted-space\">&nbsp; \/&nbsp;<\/span>2hs<\/span><\/p>\n<p class=\"p1\"><span class=\"s1\">Instrumento Arm\u00f3nico II (Piano o Guitarra) <span class=\"Apple-converted-space\">&nbsp;\/&nbsp;&nbsp;<\/span>1h<\/span><\/p>\n<p>Instrumento Arm\u00f3nico Popular complementario 1 Piano o Guitarra<\/p>\n<p class=\"p1\"><span class=\"s1\">Canto I \/ 1h <\/span><\/p>\n<p class=\"p1\"><strong><span class=\"s1\">2\u00ba cuatrimestre<\/span><\/strong><\/p>\n<p class=\"p1\"><span class=\"s1\">Historia Social de la Educaci\u00f3n&nbsp;\/ 3hs<\/span><\/p>\n<p class=\"p1\"><span class=\"s1\">Did\u00e1ctica de la M\u00fasica a nivel Primario&nbsp;\/ 3hs<\/span><\/p>\n<p class=\"p1\" style=\"text-align: center;\"><strong><span class=\"s1\">TERCER A\u00d1O <\/span><\/strong><\/p>\n<p class=\"p1\"><strong><span class=\"s1\">1\u00b0 cuatrimestre <\/span><\/strong><\/p>\n<p class=\"p1\"><span class=\"s1\">Instituciones Educativas \/ 3hs <\/span><\/p>\n<p class=\"p1\"><span class=\"s1\">Did\u00e1ctica de la M\u00fasica para Nivel Medio \/ 3hs <\/span><\/p>\n<p class=\"p1\"><span class=\"s1\">Praxis y Elem.T\u00e9cn.en la M\u00fasica Pop-I (Latinoamericana) \/ 3hs <\/span><\/p>\n<p class=\"p1\"><strong><span class=\"s1\">Anual<\/span><\/strong><\/p>\n<p class=\"p1\"><span class=\"s1\">Proyectos de Composici\u00f3n III<span class=\"Apple-converted-space\">&nbsp;\/&nbsp;&nbsp;<\/span>3hs<\/span><\/p>\n<p class=\"p1\"><span class=\"s1\">Elementos de An\u00e1lisis Musical III \/ 4hs<\/span><\/p>\n<p class=\"p1\"><span class=\"s1\">Orquestaci\u00f3n III<span class=\"Apple-converted-space\">&nbsp; \/&nbsp;<\/span>2hs<\/span><\/p>\n<p class=\"p1\"><span class=\"s1\">Instrumento Arm\u00f3nico III (Piano o Guitarra)\/&nbsp; 1 h<\/span><\/p>\n<p class=\"p1\"><span class=\"s1\">Did\u00e1ctica especializada: Composici\u00f3n(especialidad) \/ 2hs<\/span><\/p>\n<p class=\"p1\"><span class=\"s1\">Composici\u00f3n con Medios Electroac\u00fasticos I<span class=\"Apple-converted-space\">&nbsp; \/&nbsp;<\/span>2hs<\/span><\/p>\n<p class=\"p1\"><span class=\"s1\">Historia de la M\u00fasica II<span class=\"Apple-converted-space\">&nbsp;\/&nbsp;<\/span>3hs<\/span><\/p>\n<p class=\"p1\"><span class=\"s1\">Taller de Pr\u00e1ct.Docente y Construc.de la Id.Profesional II<span class=\"Apple-converted-space\">&nbsp; \/&nbsp;<\/span>4hs<\/span><\/p>\n<p class=\"p1\"><span class=\"s1\">Instrumento Arm\u00f3nico Popular complementario II (Piano o Guitarra) \/<span class=\"Apple-converted-space\">&nbsp; <\/span>1h<\/span><\/p>\n<p class=\"p1\"><span class=\"s1\">Direcci\u00f3n Coral I <span class=\"Apple-converted-space\">&nbsp;\/&nbsp;<\/span>2hs<\/span><\/p>\n<p class=\"p1\"><span class=\"s1\">Canto II <span class=\"Apple-converted-space\">&nbsp;\/&nbsp;<\/span>1hs<\/span><\/p>\n<p class=\"p1\"><strong><span class=\"s1\">2\u00ba cuatrimestre<\/span><\/strong><\/p>\n<p class=\"p1\"><span class=\"s1\">Sociolog\u00eda de la Educaci\u00f3n<span class=\"Apple-converted-space\">&nbsp; \/&nbsp;<\/span>3hs<\/span><\/p>\n<p class=\"p1\"><span class=\"s1\">Ensamble con Orientaci\u00f3n Popular I(Latinoamericana) \/ 3hs<\/span><\/p>\n<p class=\"p1\"><span class=\"s1\">T\u00e9cnicas y Recursos contempor\u00e1neos (composici\u00f3n) \/ 3hs<\/span><\/p>\n<p class=\"p1\"><strong><span class=\"s1\">CUARTO A\u00d1O <\/span><\/strong><\/p>\n<p class=\"p1\"><strong><span class=\"s1\">1\u00b0 cuatrimestre <\/span><\/strong><\/p>\n<p class=\"p1\"><span class=\"s1\">Filosof\u00eda de la Educaci\u00f3n \/ 4hs <\/span><\/p>\n<p class=\"p1\"><span class=\"s1\">Residencia en Nivel Inicial Primario y medio\/&nbsp; 8hs <\/span><\/p>\n<p class=\"p1\"><span class=\"s1\">Praxis y elementos t\u00e9cnicos en la M\u00fasica Popular II (Tango\/Rock) \/ 3hs<\/span><\/p>\n<p class=\"p1\"><strong><span class=\"s1\">Anual<\/span><\/strong><\/p>\n<p class=\"p1\"><span class=\"s1\">Proyectos de Composici\u00f3n IV<span class=\"Apple-converted-space\">&nbsp; \/&nbsp;<\/span>3hs<\/span><\/p>\n<p class=\"p1\"><span class=\"s1\">Composici\u00f3n con Medios Electroac\u00fasticos II<span class=\"Apple-converted-space\">&nbsp;\/&nbsp;&nbsp;<\/span>2hs<\/span><\/p>\n<p class=\"p1\"><span class=\"s1\">Taller de Producci\u00f3n y Org.de Eventos Art\u00edsticos<span class=\"Apple-converted-space\">&nbsp; \/&nbsp;<\/span>2hs<\/span><\/p>\n<p class=\"p1\"><span class=\"s1\">T\u00e9cnicas de improvisaci\u00f3n musical<span class=\"Apple-converted-space\">&nbsp; \/&nbsp;<\/span>2hs<\/span><\/p>\n<p class=\"p1\"><span class=\"s1\">Residencia en Escuela de M\u00fasica<span class=\"Apple-converted-space\">&nbsp; \/&nbsp;<\/span>4hs<\/span><\/p>\n","protected":false},"excerpt":{"rendered":"<p>Plan 666 Profesorado de M\u00fasica con Orientaci\u00f3n en Composici\u00f3n Requisitos para ingresar&nbsp; PRIMER A\u00d1O 1\u00b0 cuatrimestre Psicolog\u00eda General \/ 4 hs Pedagog\u00eda General \/ 4 hs Anual Proyectos de Composici\u00f3n I&nbsp; \/&nbsp;3hs Elementos de An\u00e1lisis Musical I&nbsp; \/&nbsp;4hs Orquestaci\u00f3n I&nbsp; \/&nbsp;2hs Instrumento Arm\u00f3nico I (Piano o Guitarra)&nbsp;\/&nbsp;1 h Educaci\u00f3n Vocal&nbsp; \/&nbsp;2hs Expresi\u00f3n Corporal&nbsp; \/&nbsp;2hs Inform\u00e1tica &#8230; <a title=\"Plan 666 Profesorado de M\u00fasica con Orientaci\u00f3n en Composici\u00f3n\" class=\"read-more\" href=\"https:\/\/emsma-nqn.infd.edu.ar\/sitio\/plan-666-profesorado-de-musica-con-orientacion-en-composicion\/\" aria-label=\"More on Plan 666 Profesorado de M\u00fasica con Orientaci\u00f3n en Composici\u00f3n\">[+]<\/a><\/p>\n","protected":false},"author":28,"featured_media":0,"parent":0,"menu_order":0,"comment_status":"closed","ping_status":"closed","template":"","meta":[],"acf":[],"_links":{"self":[{"href":"https:\/\/emsma-nqn.infd.edu.ar\/sitio\/wp-json\/wp\/v2\/pages\/804"}],"collection":[{"href":"https:\/\/emsma-nqn.infd.edu.ar\/sitio\/wp-json\/wp\/v2\/pages"}],"about":[{"href":"https:\/\/emsma-nqn.infd.edu.ar\/sitio\/wp-json\/wp\/v2\/types\/page"}],"author":[{"embeddable":true,"href":"https:\/\/emsma-nqn.infd.edu.ar\/sitio\/wp-json\/wp\/v2\/users\/28"}],"replies":[{"embeddable":true,"href":"https:\/\/emsma-nqn.infd.edu.ar\/sitio\/wp-json\/wp\/v2\/comments?post=804"}],"version-history":[{"count":8,"href":"https:\/\/emsma-nqn.infd.edu.ar\/sitio\/wp-json\/wp\/v2\/pages\/804\/revisions"}],"predecessor-version":[{"id":2219,"href":"https:\/\/emsma-nqn.infd.edu.ar\/sitio\/wp-json\/wp\/v2\/pages\/804\/revisions\/2219"}],"wp:attachment":[{"href":"https:\/\/emsma-nqn.infd.edu.ar\/sitio\/wp-json\/wp\/v2\/media?parent=804"}],"curies":[{"name":"wp","href":"https:\/\/api.w.org\/{rel}","templated":true}]}}