{"id":810,"date":"2018-08-29T14:15:04","date_gmt":"2018-08-29T17:15:04","guid":{"rendered":"https:\/\/emsma-nqn.infd.edu.ar\/sitio\/biblioteca-virtual\/"},"modified":"2025-08-26T19:21:43","modified_gmt":"2025-08-26T22:21:43","slug":"biblioteca-virtual","status":"publish","type":"page","link":"https:\/\/emsma-nqn.infd.edu.ar\/sitio\/biblioteca-virtual\/","title":{"rendered":"BIBLIOTECA VIRTUAL"},"content":{"rendered":"<p>El ingreso a la BIBLIOTECA VIRTUAL es p\u00fablico. Para eso entr\u00e1 en la solapa que dice<\/p>\n<p><a href=\"\/aula\/\">CAMPUS VIRTUAL<\/a> y complet\u00e1 los datos:<\/p>\n<p>USUARIO: 12345678<\/p>\n<p>CLAVE: biblioteca<\/p>\n<p>Desde ah\u00ed entr\u00e1 a BIBLIOTECA, y en en men\u00fa de la izquierda ingres\u00e1 en ARCHIVOS, luego pon\u00e9 en\u00a0el buscador\u00a0una palabra clave para comenzar la b\u00fasqueda<\/p>\n<p>Cualquier duda consult\u00e1 en la Biblioteca de la Escuela<\/p>\n<h3 style=\"text-align: center;\"><a href=\"https:\/\/drive.google.com\/drive\/folders\/1PooacBiS7jzZ0nRq4kxaI0urll9Rq3RY?usp=sharing\">PROGRAMAS ESCUELA SUPERIOR DE MUSICA <\/a><\/h3>\n<h3 style=\"text-align: center;\"><a href=\"https:\/\/drive.google.com\/drive\/folders\/1PooacBiS7jzZ0nRq4kxaI0urll9Rq3RY?usp=sharing\">DE SAN MART\u00cdN DE LOS ANDES 2025<\/a><\/h3>\n<h1 style=\"text-align: center;\"><span style=\"color: #ffcc00;\"><strong><a style=\"color: #ffcc00;\" href=\"https:\/\/drive.google.com\/drive\/folders\/1AL-XYUYH_B34A1m5q_qS05vFQ5Yz-dPl\" target=\"_blank\" rel=\"noopener\">MATERIALES MESA CURRICULAR<\/a><\/strong><\/span><\/h1>\n<div class=\"lgc-column lgc-grid-parent lgc-grid-33 lgc-tablet-grid-33 lgc-mobile-grid-50 lgc-equal-heights lgc-first\">\n<div class=\"inside-grid-column\">\n<div class=\"lgc-column lgc-grid-parent lgc-grid-33 lgc-tablet-grid-33 lgc-mobile-grid-50 lgc-equal-heights \"><\/div>\n<\/div>\n<\/div>\n<div class=\"lgc-column lgc-grid-parent lgc-grid-33 lgc-tablet-grid-33 lgc-mobile-grid-50 lgc-equal-heights \"><\/div>\n","protected":false},"excerpt":{"rendered":"<p>El ingreso a la BIBLIOTECA VIRTUAL es p\u00fablico. Para eso entr\u00e1 en la solapa que dice CAMPUS VIRTUAL y complet\u00e1 los datos: USUARIO: 12345678 CLAVE: biblioteca Desde ah\u00ed entr\u00e1 a BIBLIOTECA, y en en men\u00fa de la izquierda ingres\u00e1 en ARCHIVOS, luego pon\u00e9 en\u00a0el buscador\u00a0una palabra clave para comenzar la b\u00fasqueda Cualquier duda consult\u00e1 en &#8230; <a title=\"BIBLIOTECA VIRTUAL\" class=\"read-more\" href=\"https:\/\/emsma-nqn.infd.edu.ar\/sitio\/biblioteca-virtual\/\" aria-label=\"More on BIBLIOTECA VIRTUAL\">[+]<\/a><\/p>\n","protected":false},"author":28,"featured_media":0,"parent":0,"menu_order":0,"comment_status":"closed","ping_status":"closed","template":"","meta":[],"acf":[],"_links":{"self":[{"href":"https:\/\/emsma-nqn.infd.edu.ar\/sitio\/wp-json\/wp\/v2\/pages\/810"}],"collection":[{"href":"https:\/\/emsma-nqn.infd.edu.ar\/sitio\/wp-json\/wp\/v2\/pages"}],"about":[{"href":"https:\/\/emsma-nqn.infd.edu.ar\/sitio\/wp-json\/wp\/v2\/types\/page"}],"author":[{"embeddable":true,"href":"https:\/\/emsma-nqn.infd.edu.ar\/sitio\/wp-json\/wp\/v2\/users\/28"}],"replies":[{"embeddable":true,"href":"https:\/\/emsma-nqn.infd.edu.ar\/sitio\/wp-json\/wp\/v2\/comments?post=810"}],"version-history":[{"count":13,"href":"https:\/\/emsma-nqn.infd.edu.ar\/sitio\/wp-json\/wp\/v2\/pages\/810\/revisions"}],"predecessor-version":[{"id":2308,"href":"https:\/\/emsma-nqn.infd.edu.ar\/sitio\/wp-json\/wp\/v2\/pages\/810\/revisions\/2308"}],"wp:attachment":[{"href":"https:\/\/emsma-nqn.infd.edu.ar\/sitio\/wp-json\/wp\/v2\/media?parent=810"}],"curies":[{"name":"wp","href":"https:\/\/api.w.org\/{rel}","templated":true}]}}