{"id":816,"date":"2018-08-29T14:15:06","date_gmt":"2018-08-29T17:15:06","guid":{"rendered":"https:\/\/emsma-nqn.infd.edu.ar\/sitio\/plan-391-tecnicatura-en-direccion-coral\/"},"modified":"2025-02-20T11:02:58","modified_gmt":"2025-02-20T14:02:58","slug":"plan-391-tecnicatura-en-direccion-coral","status":"publish","type":"page","link":"https:\/\/emsma-nqn.infd.edu.ar\/sitio\/plan-391-tecnicatura-en-direccion-coral\/","title":{"rendered":"Especialidad Direcci\u00f3n Coral Plan 391"},"content":{"rendered":"<p><a href=\"https:\/\/emsma-nqn.infd.edu.ar\/sitio\/ingreso-2021-pi-requisitos\/\">Requisitos de Ingreso\u00a0<\/a><a href=\"https:\/\/emsma-nqn.infd.edu.ar\/sitio\/ingreso-2021-pi-requisitos\/\"><img decoding=\"async\" loading=\"lazy\" class=\"alignnone wp-image-1015\" src=\"https:\/\/emsma-nqn.infd.edu.ar\/sitio\/wp-content\/uploads\/2021\/03\/icono-de-la-mano-del-tecleo-vector-plano-de-la-muestra-del-finger-del-cursor-82898788-2-1000x644.jpg\" alt=\"\" width=\"36\" height=\"23\" srcset=\"https:\/\/emsma-nqn.infd.edu.ar\/sitio\/wp-content\/uploads\/2021\/03\/icono-de-la-mano-del-tecleo-vector-plano-de-la-muestra-del-finger-del-cursor-82898788-2-1000x644.jpg 1000w, https:\/\/emsma-nqn.infd.edu.ar\/sitio\/wp-content\/uploads\/2021\/03\/icono-de-la-mano-del-tecleo-vector-plano-de-la-muestra-del-finger-del-cursor-82898788-2-768x495.jpg 768w, https:\/\/emsma-nqn.infd.edu.ar\/sitio\/wp-content\/uploads\/2021\/03\/icono-de-la-mano-del-tecleo-vector-plano-de-la-muestra-del-finger-del-cursor-82898788-2.jpg 1037w\" sizes=\"(max-width: 36px) 100vw, 36px\" \/><\/a><\/p>\n<h4 style=\"text-align: center;\"><strong>FORMACI\u00d3N NO DOCENTE<\/strong><\/h4>\n<p style=\"text-align: center;\"><strong>PRIMER A\u00d1O<\/strong><\/p>\n<p><strong>Anual<\/strong><\/p>\n<p>Direcci\u00f3n Coral\u00a0\u00a0I \/ 2hs<\/p>\n<p>Taller de Coro y Pr\u00e1ctica\u00a0 de la Direcci\u00f3n Coral I \/ 4hs<\/p>\n<p>Ana\u0301lisis Musical I \/ 6hs<\/p>\n<p>Canto \/ 1h<\/p>\n<p>Expresio\u0301n Corporal \/ 2hs<\/p>\n<p>Historia Argentina Contempora\u0301nea \/ 2hs<\/p>\n<p>Informa\u0301tica y Nuevos Medios I \/ 3hs<\/p>\n<p><strong>Segundo Cuatrimestre<\/strong><\/p>\n<p>Acu\u0301stica y Organologi\u0301a \/ 3hs<\/p>\n<p style=\"text-align: center;\"><strong>SEGUNDO A\u00d1O<\/strong><\/p>\n<p><strong>Anual<\/strong><\/p>\n<p>Direcci\u00f3n Coral\u00a0\u00a0II \/ 2hs<\/p>\n<p>Taller de Coro y Pr\u00e1ctica\u00a0 de la Direcci\u00f3n Coral II \/ 4hs<\/p>\n<p>An\u00e1lisis Musical II \/ 8hs<\/p>\n<p>Canto II\u00a0\/ 1hs<\/p>\n<p>Historia de la M\u00fasica 1 \/ 3hs<\/p>\n<p>Inform\u00e1tica y Nuevos Medios II \/ 3hs<\/p>\n<p>Expresi\u00f3n Teatral \/ 2 hs<\/p>\n<p style=\"text-align: center;\"><strong>TERCER A\u00d1O<\/strong><\/p>\n<p><strong>1\u00ba Cuatrimestre<\/strong><\/p>\n<p><span style=\"font-size: 10pt;\">Praxis y Elementos Te\u0301cnicos en la Mu\u0301sica Popular I (Latinoamericana)<\/span>\/ 3 hs<\/p>\n<p>Arreglos Vocales \/ 4 hs<\/p>\n<p><strong>Anual<\/strong><\/p>\n<p>Direcci\u00f3n Coral\u00a0\u00a0III \/ 2hs<\/p>\n<p>Taller de Coro y Pr\u00e1ctica\u00a0 de la Direcci\u00f3n Coral III\/ 4hs<\/p>\n<p>Instrumento Arm\u00f3nico Popular I (Piano o Guitarra) \/ 1hs<\/p>\n<p>Historia de la M\u00fasica II \/ 3hs<\/p>\n<p>Fonoaudiolog\u00eda y fon\u00e9tica \/ 2hs<\/p>\n<p>Dicci\u00f3n Francesa I\/ 2hs<\/p>\n<p><strong>2\u00ba Cuatrimestre<\/strong><\/p>\n<p>T\u00e9cnica y Recursos Contempor\u00e1neos \/ 4hs<\/p>\n<p>Te\u0301cnicas de Improvisacio\u0301n Vocal e Instrumental \/ 3hs<\/p>\n<p>Ensamble con Orientacio\u0301n Popular I (Latinoamericana) \/ 3hs<\/p>\n<p style=\"text-align: center;\"><strong>CUARTO A\u00d1O<\/strong><\/p>\n<p><strong>1\u00ba Cuatrimestre<\/strong><\/p>\n<p>Historia Social del Arte \/ 4hs<\/p>\n<p>Metodolog\u00eda de la Investigaci\u00f3n con fines educativos y art\u00edsticos \/ 4hs<\/p>\n<p>Praxis y Elementos Te\u0301cnicos en la Mu\u0301sica Popular II (Tango &#8211; Rock) \/ 3hs<\/p>\n<p>Produccio\u0301n y Organizacio\u0301n de Eventos Arti\u0301stico \/ 2hs<\/p>\n<p><strong>Anual<\/strong><\/p>\n<p>Direcci\u00f3n Coral\u00a0\u00a0IV\/ 2hs<\/p>\n<p>Taller de Coro y Pr\u00e1ctica\u00a0 de la Direcci\u00f3n Coral IV\/ 4hs<\/p>\n<p>Instrumento Arm\u00f3nico Popular II (Piano\/ Guitarra) \/ 1h<\/p>\n<p>Dicci\u00f3n Francesa II\/ 2hs<\/p>\n<p><strong>2\u00ba Cuatrimestre<\/strong><\/p>\n<p>Este\u0301ticas Contempora\u0301neas \/ 4hs<\/p>\n<p>Ensamble con Orientacio\u0301n Popular II (Tango &#8211; Rock) \/ 3hs<\/p>\n<p>Pr\u00e1ctica de la Direcci\u00f3n Coral en \u00e1mbitos no formales \/ 6hs<\/p>\n","protected":false},"excerpt":{"rendered":"<p>Requisitos de Ingreso\u00a0 FORMACI\u00d3N NO DOCENTE PRIMER A\u00d1O Anual Direcci\u00f3n Coral\u00a0\u00a0I \/ 2hs Taller de Coro y Pr\u00e1ctica\u00a0 de la Direcci\u00f3n Coral I \/ 4hs Ana\u0301lisis Musical I \/ 6hs Canto \/ 1h Expresio\u0301n Corporal \/ 2hs Historia Argentina Contempora\u0301nea \/ 2hs Informa\u0301tica y Nuevos Medios I \/ 3hs Segundo Cuatrimestre Acu\u0301stica y Organologi\u0301a \/ &#8230; <a title=\"Especialidad Direcci\u00f3n Coral Plan 391\" class=\"read-more\" href=\"https:\/\/emsma-nqn.infd.edu.ar\/sitio\/plan-391-tecnicatura-en-direccion-coral\/\" aria-label=\"More on Especialidad Direcci\u00f3n Coral Plan 391\">[+]<\/a><\/p>\n","protected":false},"author":28,"featured_media":0,"parent":0,"menu_order":0,"comment_status":"closed","ping_status":"closed","template":"","meta":[],"acf":[],"_links":{"self":[{"href":"https:\/\/emsma-nqn.infd.edu.ar\/sitio\/wp-json\/wp\/v2\/pages\/816"}],"collection":[{"href":"https:\/\/emsma-nqn.infd.edu.ar\/sitio\/wp-json\/wp\/v2\/pages"}],"about":[{"href":"https:\/\/emsma-nqn.infd.edu.ar\/sitio\/wp-json\/wp\/v2\/types\/page"}],"author":[{"embeddable":true,"href":"https:\/\/emsma-nqn.infd.edu.ar\/sitio\/wp-json\/wp\/v2\/users\/28"}],"replies":[{"embeddable":true,"href":"https:\/\/emsma-nqn.infd.edu.ar\/sitio\/wp-json\/wp\/v2\/comments?post=816"}],"version-history":[{"count":4,"href":"https:\/\/emsma-nqn.infd.edu.ar\/sitio\/wp-json\/wp\/v2\/pages\/816\/revisions"}],"predecessor-version":[{"id":2201,"href":"https:\/\/emsma-nqn.infd.edu.ar\/sitio\/wp-json\/wp\/v2\/pages\/816\/revisions\/2201"}],"wp:attachment":[{"href":"https:\/\/emsma-nqn.infd.edu.ar\/sitio\/wp-json\/wp\/v2\/media?parent=816"}],"curies":[{"name":"wp","href":"https:\/\/api.w.org\/{rel}","templated":true}]}}