{"id":818,"date":"2018-08-29T14:15:07","date_gmt":"2018-08-29T17:15:07","guid":{"rendered":"https:\/\/emsma-nqn.infd.edu.ar\/sitio\/plan-392-tecnicatura-en-direccion-orquestal\/"},"modified":"2025-02-20T10:56:07","modified_gmt":"2025-02-20T13:56:07","slug":"plan-392-tecnicatura-en-direccion-orquestal","status":"publish","type":"page","link":"https:\/\/emsma-nqn.infd.edu.ar\/sitio\/plan-392-tecnicatura-en-direccion-orquestal\/","title":{"rendered":"Especialidad Direcci\u00f3n Orquestal  Plan 392"},"content":{"rendered":"\n<p><\/p>\n\n\n\n<p><\/p>\n\n\n<p><a href=\"https:\/\/emsma-nqn.infd.edu.ar\/sitio\/ingreso-2021-pi-requisitos\/\">Requisitos de Ingreso\u00a0<\/a><a href=\"https:\/\/emsma-nqn.infd.edu.ar\/sitio\/ingreso-2021-pi-requisitos\/\"><img decoding=\"async\" loading=\"lazy\" class=\"alignnone wp-image-1015\" src=\"https:\/\/emsma-nqn.infd.edu.ar\/sitio\/wp-content\/uploads\/2021\/03\/icono-de-la-mano-del-tecleo-vector-plano-de-la-muestra-del-finger-del-cursor-82898788-2-1000x644.jpg\" alt=\"\" width=\"36\" height=\"23\" srcset=\"https:\/\/emsma-nqn.infd.edu.ar\/sitio\/wp-content\/uploads\/2021\/03\/icono-de-la-mano-del-tecleo-vector-plano-de-la-muestra-del-finger-del-cursor-82898788-2-1000x644.jpg 1000w, https:\/\/emsma-nqn.infd.edu.ar\/sitio\/wp-content\/uploads\/2021\/03\/icono-de-la-mano-del-tecleo-vector-plano-de-la-muestra-del-finger-del-cursor-82898788-2-768x495.jpg 768w, https:\/\/emsma-nqn.infd.edu.ar\/sitio\/wp-content\/uploads\/2021\/03\/icono-de-la-mano-del-tecleo-vector-plano-de-la-muestra-del-finger-del-cursor-82898788-2.jpg 1037w\" sizes=\"(max-width: 36px) 100vw, 36px\" \/><\/a><\/p>\n<h4 style=\"text-align: center;\"><strong>FORMACI\u00d3N NO DOCENTE<\/strong><\/h4>\n<p style=\"text-align: center;\"><strong>PRIMER A\u00d1O<\/strong><\/p>\n<p><strong>Anual<\/strong><\/p>\n<p>T\u00e9cnica y Pr\u00e1ctica de la Direcci\u00f3n Orquestal I \/ 4hs<\/p>\n<p>Ana\u0301lisis Musical I \/ 6hs<\/p>\n<p>Orquestacio\u0301n 1 \/ 2 hs<\/p>\n<p>Canto \/ 1h<\/p>\n<p>Expresio\u0301n Corporal \/ 2hs<\/p>\n<p>Direcci\u00f3n Coral\u00a0 \/ 2hs<\/p>\n<p>Historia Argentina Contempora\u0301nea \/ 2hs<\/p>\n<p>Isnstrumento de Arco \/ 1h<\/p>\n<p><strong>Segundo Cuatrimestre<\/strong><\/p>\n<p>Acu\u0301stica y Organologi\u0301a \/ 3hs<\/p>\n<p>\u00a0<\/p>\n<p style=\"text-align: center;\"><strong>SEGUNDO A\u00d1O<\/strong><\/p>\n<p><strong>Anual<\/strong><\/p>\n<p>T\u00e9cnica y Pr\u00e1ctica de la Direcci\u00f3n Orquestal II\/ 4hs<\/p>\n<p>An\u00e1lisis Musical II \/ 8hs<\/p>\n<p>Orquestaci\u00f3n II \/ 2hs<\/p>\n<p>Historia de la M\u00fasica 1 \/ 3hs<\/p>\n<p>Instrumento de Viento \/ 1h<\/p>\n<p>Taller de Coro y Pr\u00e1ctica de la Direcci\u00f3n Coral \/ 4hs<\/p>\n<p>\u00a0<\/p>\n<p style=\"text-align: center;\"><strong>TERCER A\u00d1O<\/strong><\/p>\n<p><strong>1\u00ba Cuatrimestre<\/strong><\/p>\n<p><span style=\"font-size: 10pt;\">Metodologi\u0301a de la Investigacio\u0301n con Fines Educativos y Arti\u0301sticos<\/span>\u00a0\/ 4hs<\/p>\n<p><span style=\"font-size: 10pt;\">Praxis y Elementos Te\u0301cnicos en la Mu\u0301sica Popular I (Latinoamericana)<\/span>\/ 3 hs<\/p>\n<p>Arreglos Vocales\u00a0 \/ 4hs<\/p>\n<p><strong>Anual<\/strong><\/p>\n<p>T\u00e9cnica y Pr\u00e1ctica de la Direcci\u00f3n Orquestal III\/ 4hs<\/p>\n<p>Orquestaci\u00f3n III \/ 2hs<\/p>\n<p>Instrumento de Percusi\u00f3n Orquestal \/ 1h<\/p>\n<p>Historia de la M\u00fasica II \/ 3hs<\/p>\n<p>Inform\u00e1tica y Nuevos Medios I \/ 3hs<\/p>\n<p><strong>2\u00ba Cuatrimestre<\/strong><\/p>\n<p>T\u00e9cnica y Recursos Contempor\u00e1neos \/ 4hs<\/p>\n<p>Te\u0301cnicas de Improvisacio\u0301n Vocal e Instrumental \/ 3hs<\/p>\n<p>Ensamble con Orientacio\u0301n Popular I (Latinoamericana) \/ 3hs<\/p>\n<p>\u00a0<\/p>\n<p style=\"text-align: center;\"><strong>CUARTO A\u00d1O<\/strong><\/p>\n<p><strong>1\u00ba Cuatrimestre<\/strong><\/p>\n<p>Historia Social del Arte \/ 4hs<\/p>\n<p>Praxis y Elementos Te\u0301cnicos en la Mu\u0301sica Popular II (Tango &#8211; Rock) \/ 3hs<\/p>\n<p>Produccio\u0301n y Organizacio\u0301n de Eventos Arti\u0301stico \/ 2hs<\/p>\n<p><strong>Anual<\/strong><\/p>\n<p>T\u00e9cnica y Pr\u00e1ctica de la Direcci\u00f3n Orquestal IV\/ 4hs<\/p>\n<p>Proyectos de Composici\u00f3n \/ 3hs<\/p>\n<p>Inform\u00e1tica y Nuevos Medios II \/ 3hs<\/p>\n<p><strong>2\u00ba Cuatrimestre<\/strong><\/p>\n<p>Este\u0301ticas Contempora\u0301neas \/ 4hs<\/p>\n<p>Ensamble con Orientacio\u0301n Popular II (Tango &#8211; Rock) \/ 3hs<\/p>\n<p>Pr\u00e1ctica de la Direcci\u00f3n Sinf\u00f3nico-Coral \/ 6hs<\/p>\n<p>\u00a0<\/p>\n<p>\u00a0<\/p>\n<p>\u00a0<\/p>\n<p>\u00a0<\/p>\n<p>\u00a0<\/p>\n<p>\u00a0<\/p>\n<p>\u00a0<\/p>","protected":false},"excerpt":{"rendered":"<p>Requisitos de Ingreso\u00a0 FORMACI\u00d3N NO DOCENTE PRIMER A\u00d1O Anual T\u00e9cnica y Pr\u00e1ctica de la Direcci\u00f3n Orquestal I \/ 4hs Ana\u0301lisis Musical I \/ 6hs Orquestacio\u0301n 1 \/ 2 hs Canto \/ 1h Expresio\u0301n Corporal \/ 2hs Direcci\u00f3n Coral\u00a0 \/ 2hs Historia Argentina Contempora\u0301nea \/ 2hs Isnstrumento de Arco \/ 1h Segundo Cuatrimestre Acu\u0301stica y Organologi\u0301a &#8230; <a title=\"Especialidad Direcci\u00f3n Orquestal  Plan 392\" class=\"read-more\" href=\"https:\/\/emsma-nqn.infd.edu.ar\/sitio\/plan-392-tecnicatura-en-direccion-orquestal\/\" aria-label=\"More on Especialidad Direcci\u00f3n Orquestal  Plan 392\">[+]<\/a><\/p>\n","protected":false},"author":28,"featured_media":0,"parent":0,"menu_order":0,"comment_status":"closed","ping_status":"closed","template":"","meta":[],"acf":[],"_links":{"self":[{"href":"https:\/\/emsma-nqn.infd.edu.ar\/sitio\/wp-json\/wp\/v2\/pages\/818"}],"collection":[{"href":"https:\/\/emsma-nqn.infd.edu.ar\/sitio\/wp-json\/wp\/v2\/pages"}],"about":[{"href":"https:\/\/emsma-nqn.infd.edu.ar\/sitio\/wp-json\/wp\/v2\/types\/page"}],"author":[{"embeddable":true,"href":"https:\/\/emsma-nqn.infd.edu.ar\/sitio\/wp-json\/wp\/v2\/users\/28"}],"replies":[{"embeddable":true,"href":"https:\/\/emsma-nqn.infd.edu.ar\/sitio\/wp-json\/wp\/v2\/comments?post=818"}],"version-history":[{"count":18,"href":"https:\/\/emsma-nqn.infd.edu.ar\/sitio\/wp-json\/wp\/v2\/pages\/818\/revisions"}],"predecessor-version":[{"id":2198,"href":"https:\/\/emsma-nqn.infd.edu.ar\/sitio\/wp-json\/wp\/v2\/pages\/818\/revisions\/2198"}],"wp:attachment":[{"href":"https:\/\/emsma-nqn.infd.edu.ar\/sitio\/wp-json\/wp\/v2\/media?parent=818"}],"curies":[{"name":"wp","href":"https:\/\/api.w.org\/{rel}","templated":true}]}}