{"id":827,"date":"2018-08-29T14:15:09","date_gmt":"2018-08-29T17:15:09","guid":{"rendered":"https:\/\/emsma-nqn.infd.edu.ar\/sitio\/datos-institucionales\/"},"modified":"2025-09-22T15:46:59","modified_gmt":"2025-09-22T18:46:59","slug":"datos-institucionales","status":"publish","type":"page","link":"https:\/\/emsma-nqn.infd.edu.ar\/sitio\/datos-institucionales\/","title":{"rendered":"Datos institucionales"},"content":{"rendered":"<p style=\"text-align: center;\"><span style=\"font-size: 14pt;\"><strong>Escuela Superior de M\u00fasica de San Mart\u00edn de los Andes<\/strong><\/span><\/p>\n<p style=\"text-align: center;\"><strong><span class=\"w8qArf\">\u00a0<\/span><span class=\"LrzXr\">Bibliotecas Populares 74<\/span> \/ Barrio Arenal\/ San Mart\u00edn de los Andes \/ Neuqu\u00e9n<br \/>\n<\/strong><\/p>\n<p><strong>HORARIOS DE ATENCI\u00d3N:<\/strong><\/p>\n<ul>\n<li><strong>NIVEL TERCIARIO:<\/strong><\/li>\n<\/ul>\n<p>Turno Vespertino 18:00 a 23:00hs.<\/p>\n<ul>\n<li><strong>NIVEL MEDIO:<\/strong><\/li>\n<\/ul>\n<p>08:30 a 21:40 hs.<\/p>\n<ul>\n<li><strong>NIVEL FORMACI\u00d3N B\u00c1SICA EN M\u00daSICA <\/strong><\/li>\n<\/ul>\n<p>08:30 a 21:40 hs.<\/p>\n<ul>\n<li><strong>NIVEL ORIENTACION NI\u00d1OS:<\/strong><\/li>\n<\/ul>\n<p>08:30 a 19:40<\/p>\n<p><strong><span class=\"w8qArf\">\u00a0<\/span><span class=\"LrzXr\">Bibliotecas Populares 74. Barrio Arenal.<\/span> San Mart\u00edn de los Andes<\/strong><\/p>\n<p>(02972) 4 23 699<\/p>\n<p>Equipo directivo\/ equipodirectivoescmusica@gmail.com<\/p>\n<p>Bedel\u00eda\/ bedeliamusicasma@gmail.com<\/p>\n<p>Coord. comunicaci\u00f3n, medios, redes\/ prensaescuelademusicasma@gmail.com<\/p>\n<p><strong>REDES:<\/strong><\/p>\n<p>Facebook:<a title=\"ir a nuestro facebook\" href=\"https:\/\/es-es.facebook.com\/escuelasuperiordemusicasma\" target=\"_blank\" rel=\"noopener\"> <strong>Escuela Superior de M\u00fasica San Mart\u00edn de los Andes<\/strong><\/a><\/p>\n<p><a href=\"https:\/\/www.instagram.com\/escuelamusicasma\/\">IG @escuelamusicasma<\/a><\/p>\n","protected":false},"excerpt":{"rendered":"<p>Escuela Superior de M\u00fasica de San Mart\u00edn de los Andes \u00a0Bibliotecas Populares 74 \/ Barrio Arenal\/ San Mart\u00edn de los Andes \/ Neuqu\u00e9n HORARIOS DE ATENCI\u00d3N: NIVEL TERCIARIO: Turno Vespertino 18:00 a 23:00hs. NIVEL MEDIO: 08:30 a 21:40 hs. NIVEL FORMACI\u00d3N B\u00c1SICA EN M\u00daSICA 08:30 a 21:40 hs. NIVEL ORIENTACION NI\u00d1OS: 08:30 a 19:40 \u00a0Bibliotecas &#8230; <a title=\"Datos institucionales\" class=\"read-more\" href=\"https:\/\/emsma-nqn.infd.edu.ar\/sitio\/datos-institucionales\/\" aria-label=\"More on Datos institucionales\">[+]<\/a><\/p>\n","protected":false},"author":28,"featured_media":0,"parent":0,"menu_order":0,"comment_status":"closed","ping_status":"closed","template":"","meta":[],"acf":[],"_links":{"self":[{"href":"https:\/\/emsma-nqn.infd.edu.ar\/sitio\/wp-json\/wp\/v2\/pages\/827"}],"collection":[{"href":"https:\/\/emsma-nqn.infd.edu.ar\/sitio\/wp-json\/wp\/v2\/pages"}],"about":[{"href":"https:\/\/emsma-nqn.infd.edu.ar\/sitio\/wp-json\/wp\/v2\/types\/page"}],"author":[{"embeddable":true,"href":"https:\/\/emsma-nqn.infd.edu.ar\/sitio\/wp-json\/wp\/v2\/users\/28"}],"replies":[{"embeddable":true,"href":"https:\/\/emsma-nqn.infd.edu.ar\/sitio\/wp-json\/wp\/v2\/comments?post=827"}],"version-history":[{"count":6,"href":"https:\/\/emsma-nqn.infd.edu.ar\/sitio\/wp-json\/wp\/v2\/pages\/827\/revisions"}],"predecessor-version":[{"id":2317,"href":"https:\/\/emsma-nqn.infd.edu.ar\/sitio\/wp-json\/wp\/v2\/pages\/827\/revisions\/2317"}],"wp:attachment":[{"href":"https:\/\/emsma-nqn.infd.edu.ar\/sitio\/wp-json\/wp\/v2\/media?parent=827"}],"curies":[{"name":"wp","href":"https:\/\/api.w.org\/{rel}","templated":true}]}}