{"id":966,"date":"2021-03-15T11:20:06","date_gmt":"2021-03-15T14:20:06","guid":{"rendered":"https:\/\/emsma-nqn.infd.edu.ar\/sitio\/?page_id=966"},"modified":"2025-11-04T15:21:11","modified_gmt":"2025-11-04T18:21:11","slug":"ingreso-2021-pi-requisitos","status":"publish","type":"page","link":"https:\/\/emsma-nqn.infd.edu.ar\/sitio\/ingreso-2021-pi-requisitos\/","title":{"rendered":"Ingreso a Especialidades y Profesorados\u00a0Instrumento, Canto, Direcci\u00f3n Orquestal, Direcci\u00f3n Coral y Composici\u00f3n"},"content":{"rendered":"<div dir=\"ltr\">\n<div><span style=\"font-size: large;\">Para ingresar a Especialidades\u00a0y Profesorados\u00a0Instrumento, Canto, Direcci\u00f3n Orquestal, Direcci\u00f3n Coral y Composici\u00f3n, es requisito acreditar formaci\u00f3n musical espec\u00edfica previa, mediante una de las siguientes opciones:\u00a0<\/span><\/div>\n<\/div>\n<div><span style=\"font-size: large;\">\u00a0<\/span><\/div>\n<div><span style=\"font-size: large;\">1) Presentar t\u00edtulo de nivel proped\u00e9utico\u00a0(FOBAM\/ Nivel Medio\/ TAP o afines) con igual orientaci\u00f3n que la carrera<\/span><\/div>\n<div>\u00a0<\/div>\n<div>\u00a0<\/div>\n<div><span style=\"font-size: large;\">2) Rendir examen de ingreso en audioperceptiva y de la materia principal de la orientaci\u00f3n<\/span><\/div>\n<div>\u00a0<\/div>\n<div>\u00a0<\/div>\n<div><span style=\"font-size: large;\">3) En el caso de no contar con t\u00edtulo proped\u00e9utico, pero haber transitado un trayecto previo comprobable (mediante anal\u00edticos parciales de otras instituciones de nivel superior, programas de materias aprobadas, u otras certificaciones) que haya brindado un nivel acorde al necesario para ingresar a las carreras, se podr\u00e1 solicitar ingreso por trayecto previo conect\u00e1ndose al siguiente mail: equipodirectivoescmusica@gmail.com<\/span><\/div>\n<div>\u00a0<\/div>\n<div>\u00a0<\/div>\n<div>Para los Profesorados y Especialidades de <strong>Composici\u00f3n y de Direcci\u00f3n Orquestal<\/strong>, solo se toma el examen de Audioperceptiva y se debe presentar a un coloquio con docentes a cargo (conversaci\u00f3n sobre trayectos previos y proyecci\u00f3n de la carrera)<\/div>\n<div><span style=\"font-size: large;\">\u00a0<\/span><\/div>\n<div><span style=\"font-size: large;\">En el caso de tener un t\u00edtulo proped\u00e9utico, pero con especialidad u orientaci\u00f3n diferente de la carrera en la que desea\u00a0ingresar, solo deber\u00e1 rendir examen de ingreso de la materia espec\u00edfica, no de audioperceptiva.<\/span><\/div>\n<div><span style=\"font-size: large;\">\u00a0<\/span><\/div>\n<div><span style=\"font-size: large;\">Por consultas relacionadas al ingreso\u00a0 escribir a equipodirectivoescmusica@gmail.com<\/span><\/div>\n<div>\u00a0<\/div>\n<div><strong>Programas de Examen de Ingreso:\u00a0<\/strong><\/div>\n<div>\u00a0<\/div>\n<div><a href=\"https:\/\/emsma-nqn.infd.edu.ar\/sitio\/wp-content\/uploads\/2021\/03\/Programa-de-Ingreso-Audioperceptiva-para-carreras-de-PI.pdf\">Programa de Ingreso de <strong>Audioperceptiva<\/strong> para Profesorados y Especialidades de Instrumento, Canto, Direcci\u00f3n Coral, Direcci\u00f3n Orquestal y Composici\u00f3n\u00a0<\/a><\/div>\n<div>\u00a0<\/div>\n<div>\n<p class=\"entry-title\"><a href=\"https:\/\/drive.google.com\/drive\/folders\/1dlNvlWMbM895UypREGTyqU9_umKJwcuT?usp=drive_link\" target=\"_blank\" rel=\"noopener\">Programa de Ingreso<\/a> al <a href=\"https:\/\/drive.google.com\/drive\/folders\/1dlNvlWMbM895UypREGTyqU9_umKJwcuT?usp=drive_link\" target=\"_blank\" rel=\"noopener\">Profesorado<\/a> de <a href=\"https:\/\/drive.google.com\/drive\/folders\/1dlNvlWMbM895UypREGTyqU9_umKJwcuT?usp=drive_link\" target=\"_blank\" rel=\"noopener\"><strong>Piano<\/strong><\/a><\/p>\n<p class=\"entry-title\"><a href=\"https:\/\/drive.google.com\/drive\/folders\/1dlNvlWMbM895UypREGTyqU9_umKJwcuT?usp=drive_link\" target=\"_blank\" rel=\"noopener\">Programa de Ingreso al Profesorado y Especialidad de <strong>Guitarra<\/strong><\/a><\/p>\n<p class=\"entry-title\"><a href=\"https:\/\/drive.google.com\/drive\/folders\/1dlNvlWMbM895UypREGTyqU9_umKJwcuT?usp=drive_link\" target=\"_blank\" rel=\"noopener\">Programa de Ingreso Profesorado y Especilidad de <strong>Direccio\u0301n Coral<\/strong><\/a><\/p>\n<p><a href=\"https:\/\/drive.google.com\/drive\/folders\/1dlNvlWMbM895UypREGTyqU9_umKJwcuT?usp=drive_link\" target=\"_blank\" rel=\"noopener\">Programa de Ingreso al Profesorado y Especialidad de <strong>Violi\u0301n<\/strong><\/a><\/p>\n<\/div>\n\n\n<p><a href=\"https:\/\/drive.google.com\/drive\/folders\/1dlNvlWMbM895UypREGTyqU9_umKJwcuT?usp=drive_link\" target=\"_blank\" rel=\"noreferrer noopener\">Programa de Ingreso a Profesorado y Especialidad de<strong> Saxof\u00f3n<\/strong><\/a><\/p>\n\n\n\n<p><a rel=\"noreferrer noopener\" href=\"https:\/\/drive.google.com\/drive\/folders\/1dlNvlWMbM895UypREGTyqU9_umKJwcuT?usp=drive_link\" target=\"_blank\">Programa de Ingreso para Profesorado y Especialidad de Direcci\u00f3n Orquestal<\/a><\/p>\n\n\n\n<p><a href=\"https:\/\/drive.google.com\/drive\/folders\/1dlNvlWMbM895UypREGTyqU9_umKJwcuT\" target=\"_blank\" rel=\"noreferrer noopener\">Programa Ingreso a Carrera profesorado de M\u00fasica con Orientaci\u00f3n en Canto<\/a><\/p>\n\n\n\n<p><a href=\"https:\/\/drive.google.com\/drive\/folders\/1dlNvlWMbM895UypREGTyqU9_umKJwcuT?usp=drive_link\" target=\"_blank\" rel=\"noreferrer noopener\">Programa de Ingreso para Profesorados y Especialidad de <strong>Composici\u00f3n<\/strong><\/a><\/p>\n\n\n\n<p><a href=\"https:\/\/drive.google.com\/drive\/folders\/1dlNvlWMbM895UypREGTyqU9_umKJwcuT?usp=drive_link\" target=\"_blank\" rel=\"noreferrer noopener\">Programa de Ingreso para Profesorados y Especialidad de <strong>Clarinete<\/strong><\/a><\/p>\n\n\n\n<p><strong>Material de estudio <a rel=\"noreferrer noopener\" href=\"https:\/\/drive.google.com\/drive\/folders\/1HO2tjtPKtqoZR2HHZdqRE1uMzqHHuSJW\" target=\"_blank\">para AUDIO para ingreso a Especialidades y Profesorados de PI<\/a><\/strong><\/p>\n\n\n\n<p><\/p>\n","protected":false},"excerpt":{"rendered":"<p>Para ingresar a Especialidades\u00a0y Profesorados\u00a0Instrumento, Canto, Direcci\u00f3n Orquestal, Direcci\u00f3n Coral y Composici\u00f3n, es requisito acreditar formaci\u00f3n musical espec\u00edfica previa, mediante una de las siguientes opciones:\u00a0 \u00a0 1) Presentar t\u00edtulo de nivel proped\u00e9utico\u00a0(FOBAM\/ Nivel Medio\/ TAP o afines) con igual orientaci\u00f3n que la carrera \u00a0 \u00a0 2) Rendir examen de ingreso en audioperceptiva y de la &#8230; <a title=\"Ingreso a Especialidades y Profesorados\u00a0Instrumento, Canto, Direcci\u00f3n Orquestal, Direcci\u00f3n Coral y Composici\u00f3n\" class=\"read-more\" href=\"https:\/\/emsma-nqn.infd.edu.ar\/sitio\/ingreso-2021-pi-requisitos\/\" aria-label=\"More on Ingreso a Especialidades y Profesorados\u00a0Instrumento, Canto, Direcci\u00f3n Orquestal, Direcci\u00f3n Coral y Composici\u00f3n\">[+]<\/a><\/p>\n","protected":false},"author":28,"featured_media":0,"parent":0,"menu_order":0,"comment_status":"closed","ping_status":"closed","template":"","meta":[],"acf":[],"_links":{"self":[{"href":"https:\/\/emsma-nqn.infd.edu.ar\/sitio\/wp-json\/wp\/v2\/pages\/966"}],"collection":[{"href":"https:\/\/emsma-nqn.infd.edu.ar\/sitio\/wp-json\/wp\/v2\/pages"}],"about":[{"href":"https:\/\/emsma-nqn.infd.edu.ar\/sitio\/wp-json\/wp\/v2\/types\/page"}],"author":[{"embeddable":true,"href":"https:\/\/emsma-nqn.infd.edu.ar\/sitio\/wp-json\/wp\/v2\/users\/28"}],"replies":[{"embeddable":true,"href":"https:\/\/emsma-nqn.infd.edu.ar\/sitio\/wp-json\/wp\/v2\/comments?post=966"}],"version-history":[{"count":48,"href":"https:\/\/emsma-nqn.infd.edu.ar\/sitio\/wp-json\/wp\/v2\/pages\/966\/revisions"}],"predecessor-version":[{"id":2379,"href":"https:\/\/emsma-nqn.infd.edu.ar\/sitio\/wp-json\/wp\/v2\/pages\/966\/revisions\/2379"}],"wp:attachment":[{"href":"https:\/\/emsma-nqn.infd.edu.ar\/sitio\/wp-json\/wp\/v2\/media?parent=966"}],"curies":[{"name":"wp","href":"https:\/\/api.w.org\/{rel}","templated":true}]}}