{"id":978,"date":"2021-03-15T12:16:32","date_gmt":"2021-03-15T15:16:32","guid":{"rendered":"https:\/\/emsma-nqn.infd.edu.ar\/sitio\/?page_id=978"},"modified":"2025-08-29T14:48:26","modified_gmt":"2025-08-29T17:48:26","slug":"ingreso-al-profesorado-de-musica","status":"publish","type":"page","link":"https:\/\/emsma-nqn.infd.edu.ar\/sitio\/ingreso-al-profesorado-de-musica\/","title":{"rendered":"Ingreso al Profesorado de M\u00fasica"},"content":{"rendered":"<div class=\"\">\n<div dir=\"ltr\">\n<div><span style=\"font-size: large;\">Para ingresar al Profesorado de M\u00fasica hay distintas opciones:\u00a0<\/span><\/div>\n<\/div>\n<div><\/div>\n<div><span style=\"font-size: large;\">1) Presentar t\u00edtulo de nivel proped\u00e9utico\u00a0(FOBAM\/ Nivel Medio\/ TAP o afines)\u00a0<\/span><\/div>\n<\/div>\n<div><\/div>\n<div class=\"\">\n<div><span style=\"font-size: large;\">2) En caso de no tener estudios previos pero s\u00ed conocimientos se puede rendir examen de ingreso de Audioperceptiva, Flauta Dulce, Instrumento Arm\u00f3nico (piano o guitarra) y Educaci\u00f3n Vocal<\/span><\/div>\n<div><\/div>\n<div><span style=\"font-size: large;\">3) En el caso de no contar con t\u00edtulo proped\u00e9utico, pero haber transitado un trayecto previo comprobable (mediante anal\u00edticos parciales de otras instituciones de nivel superior, programas de materias aprobadas, u otras certificaciones) que haya brindado un nivel acorde al necesario para ingresar a las carreras, se podr\u00e1 solicitar ingreso por trayecto previo conect\u00e1ndose al siguiente mail: equipodirectivoescmusica@gmail.com.<\/span><\/div>\n<div><\/div>\n<div><span style=\"font-size: large;\"> 4) En caso de no tener estudios o conocimientos previos se puede ingresar al PREGRADO,\u00a0 para cursar las 4 materias necesarias para ingresar, durante m\u00ednimo 1 a\u00f1o. Las materias son <\/span><span style=\"font-size: large;\">Audioperceptiva, Flauta Dulce, Instrumento Arm\u00f3nico (piano o guitarra) y Educaci\u00f3n Vocal.\u00a0<\/span><\/div>\n<\/div>\n<div><\/div>\n<div>Por cualquier consulta relacionada, comunicarse con bedeliamusicasma@gmail.com<\/div>\n<div><\/div>\n<div><\/div>\n<div><\/div>\n<div><\/div>\n<h5 style=\"text-align: center;\"><a href=\"https:\/\/emsma-nqn.infd.edu.ar\/sitio\/wp-content\/uploads\/2025\/08\/Ingreso-al-PEM-2025.pdf\" target=\"_blank\" rel=\"noopener\">Programas de ex\u00e1menes<\/a><\/h5>\n<h5 style=\"text-align: center;\"><a href=\"https:\/\/emsma-nqn.infd.edu.ar\/sitio\/wp-content\/uploads\/2025\/08\/Ingreso-al-PEM-2025.pdf\" target=\"_blank\" rel=\"noopener\">y <strong>contactos<\/strong> con Profesores para el ingreso al Profesorado de M\u00fasica<\/a><\/h5>\n<div class=\"\"><\/div>\n<div><\/div>\n<div><\/div>\n<div class=\"\">\n<div class=\"\">\n<p class=\"entry-title\">\n<\/div>\n<\/div>\n","protected":false},"excerpt":{"rendered":"<p>Para ingresar al Profesorado de M\u00fasica hay distintas opciones:\u00a0 1) Presentar t\u00edtulo de nivel proped\u00e9utico\u00a0(FOBAM\/ Nivel Medio\/ TAP o afines)\u00a0 2) En caso de no tener estudios previos pero s\u00ed conocimientos se puede rendir examen de ingreso de Audioperceptiva, Flauta Dulce, Instrumento Arm\u00f3nico (piano o guitarra) y Educaci\u00f3n Vocal 3) En el caso de no &#8230; <a title=\"Ingreso al Profesorado de M\u00fasica\" class=\"read-more\" href=\"https:\/\/emsma-nqn.infd.edu.ar\/sitio\/ingreso-al-profesorado-de-musica\/\" aria-label=\"More on Ingreso al Profesorado de M\u00fasica\">[+]<\/a><\/p>\n","protected":false},"author":28,"featured_media":0,"parent":0,"menu_order":0,"comment_status":"closed","ping_status":"closed","template":"","meta":[],"acf":[],"_links":{"self":[{"href":"https:\/\/emsma-nqn.infd.edu.ar\/sitio\/wp-json\/wp\/v2\/pages\/978"}],"collection":[{"href":"https:\/\/emsma-nqn.infd.edu.ar\/sitio\/wp-json\/wp\/v2\/pages"}],"about":[{"href":"https:\/\/emsma-nqn.infd.edu.ar\/sitio\/wp-json\/wp\/v2\/types\/page"}],"author":[{"embeddable":true,"href":"https:\/\/emsma-nqn.infd.edu.ar\/sitio\/wp-json\/wp\/v2\/users\/28"}],"replies":[{"embeddable":true,"href":"https:\/\/emsma-nqn.infd.edu.ar\/sitio\/wp-json\/wp\/v2\/comments?post=978"}],"version-history":[{"count":8,"href":"https:\/\/emsma-nqn.infd.edu.ar\/sitio\/wp-json\/wp\/v2\/pages\/978\/revisions"}],"predecessor-version":[{"id":2315,"href":"https:\/\/emsma-nqn.infd.edu.ar\/sitio\/wp-json\/wp\/v2\/pages\/978\/revisions\/2315"}],"wp:attachment":[{"href":"https:\/\/emsma-nqn.infd.edu.ar\/sitio\/wp-json\/wp\/v2\/media?parent=978"}],"curies":[{"name":"wp","href":"https:\/\/api.w.org\/{rel}","templated":true}]}}